{"id":25334,"date":"2019-12-16T23:38:30","date_gmt":"2019-12-16T23:38:30","guid":{"rendered":"http:\/\/chicco.life\/?page_id=25334"},"modified":"2022-01-20T04:57:34","modified_gmt":"2022-01-20T04:57:34","slug":"quienes-somos","status":"publish","type":"page","link":"https:\/\/chicco.life\/sv\/quienes-somos\/","title":{"rendered":"Qui\u00e9nes somos"},"content":{"rendered":"\n<p class=\"has-text-align-center\">Chicco te acompa\u00f1a en este maravilloso camino y pone a tu disposici\u00f3n el conocimiento y experiencia de los mejores expertos, pediatras, pedagogos y otros especialistas, para ayudarlos a disfrutar de cada momento \u00fanico y especial junto a tu hijo. Conozc\u00e1monos un poco mejor y encontr\u00e1 en este espacio un poco de nuestra historia.<\/p>\n\n\n\n<h2 class=\"has-text-align-center color-1 title wp-block-heading\">A tu lado, en todo momento<\/h2>\n\n\n\n<p class=\"has-text-align-center\">Nuestro objetivo es estar cerca de todas las madres y padres, con toda nuestra pasi\u00f3n y experiencia, para acompa\u00f1arles en cada uno de los momentos \u00fanicos e irrepetibles junto a sus beb\u00e9s.<\/p>\n\n\n\n<div class=\"wp-block-image img-fluid rounded\"><figure class=\"aligncenter size-large\"><img decoding=\"async\" src=\"http:\/\/chicco.life\/sv\/wp-content\/uploads\/2021\/10\/nosotros-1024x415.jpg\" alt=\"\" class=\"wp-image-27814\" width=\"NaN\" height=\"NaN\" srcset=\"https:\/\/chicco.life\/sv\/wp-content\/uploads\/2021\/10\/nosotros-1024x415.jpg 1024w, https:\/\/chicco.life\/sv\/wp-content\/uploads\/2021\/10\/nosotros-300x122.jpg 300w, https:\/\/chicco.life\/sv\/wp-content\/uploads\/2021\/10\/nosotros-768x311.jpg 768w, https:\/\/chicco.life\/sv\/wp-content\/uploads\/2021\/10\/nosotros-1536x622.jpg 1536w, https:\/\/chicco.life\/sv\/wp-content\/uploads\/2021\/10\/nosotros-600x243.jpg 600w, https:\/\/chicco.life\/sv\/wp-content\/uploads\/2021\/10\/nosotros.jpg 1600w\" sizes=\"(max-width: 1024px) 100vw, 1024px\" \/><\/figure><\/div>\n","protected":false},"excerpt":{"rendered":"<p>Chicco te acompa\u00f1a en este maravilloso camino y pone a tu disposici\u00f3n el conocimiento y experiencia de los mejores expertos, pediatras, pedagogos&#8230;<\/p>\n","protected":false},"author":1,"featured_media":27812,"parent":0,"menu_order":0,"comment_status":"closed","ping_status":"closed","template":"page-templates\/tmpl-quienes-somos.php","meta":{"_acf_changed":false,"footnotes":""},"class_list":["post-25334","page","type-page","status-publish","has-post-thumbnail","hentry"],"acf":[],"yoast_head":"<!-- This site is optimized with the Yoast SEO plugin v25.8 - https:\/\/yoast.com\/wordpress\/plugins\/seo\/ -->\n<title>Crea momentos dulces con tu beb\u00e9 con productos Chicco<\/title>\n<meta name=\"description\" content=\"Chicco est\u00e1 en todo momento para t\u00ed y tu beb\u00e9 desde antes de nacer\" \/>\n<meta name=\"robots\" content=\"index, follow, max-snippet:-1, max-image-preview:large, max-video-preview:-1\" \/>\n<link rel=\"canonical\" href=\"https:\/\/chicco.life\/sv\/quienes-somos\/\" \/>\n<meta property=\"og:locale\" content=\"es_ES\" \/>\n<meta property=\"og:type\" content=\"article\" \/>\n<meta property=\"og:title\" content=\"Crea momentos dulces con tu beb\u00e9 con productos Chicco\" \/>\n<meta property=\"og:description\" content=\"Chicco est\u00e1 en todo momento para t\u00ed y tu beb\u00e9 desde antes de nacer\" \/>\n<meta property=\"og:url\" content=\"https:\/\/chicco.life\/sv\/quienes-somos\/\" \/>\n<meta property=\"og:site_name\" content=\"Chicco\" \/>\n<meta property=\"article:modified_time\" content=\"2022-01-20T04:57:34+00:00\" \/>\n<meta property=\"og:image\" content=\"https:\/\/chicco.life\/sv\/wp-content\/uploads\/2021\/10\/cercania.png\" \/>\n\t<meta property=\"og:image:width\" content=\"565\" \/>\n\t<meta property=\"og:image:height\" content=\"269\" \/>\n\t<meta property=\"og:image:type\" content=\"image\/png\" \/>\n<meta name=\"twitter:card\" content=\"summary_large_image\" \/>\n<meta name=\"twitter:label1\" content=\"Tiempo de lectura\" \/>\n\t<meta name=\"twitter:data1\" content=\"1 minuto\" \/>\n<script type=\"application\/ld+json\" class=\"yoast-schema-graph\">{\"@context\":\"https:\/\/schema.org\",\"@graph\":[{\"@type\":\"WebPage\",\"@id\":\"https:\/\/chicco.life\/sv\/quienes-somos\/\",\"url\":\"https:\/\/chicco.life\/sv\/quienes-somos\/\",\"name\":\"Crea momentos dulces con tu beb\u00e9 con productos Chicco\",\"isPartOf\":{\"@id\":\"https:\/\/chicco.life\/sv\/#website\"},\"primaryImageOfPage\":{\"@id\":\"https:\/\/chicco.life\/sv\/quienes-somos\/#primaryimage\"},\"image\":{\"@id\":\"https:\/\/chicco.life\/sv\/quienes-somos\/#primaryimage\"},\"thumbnailUrl\":\"https:\/\/chicco.life\/sv\/wp-content\/uploads\/2021\/10\/cercania.png\",\"datePublished\":\"2019-12-16T23:38:30+00:00\",\"dateModified\":\"2022-01-20T04:57:34+00:00\",\"description\":\"Chicco est\u00e1 en todo momento para t\u00ed y tu beb\u00e9 desde antes de nacer\",\"breadcrumb\":{\"@id\":\"https:\/\/chicco.life\/sv\/quienes-somos\/#breadcrumb\"},\"inLanguage\":\"es\",\"potentialAction\":[{\"@type\":\"ReadAction\",\"target\":[\"https:\/\/chicco.life\/sv\/quienes-somos\/\"]}]},{\"@type\":\"ImageObject\",\"inLanguage\":\"es\",\"@id\":\"https:\/\/chicco.life\/sv\/quienes-somos\/#primaryimage\",\"url\":\"https:\/\/chicco.life\/sv\/wp-content\/uploads\/2021\/10\/cercania.png\",\"contentUrl\":\"https:\/\/chicco.life\/sv\/wp-content\/uploads\/2021\/10\/cercania.png\",\"width\":565,\"height\":269},{\"@type\":\"BreadcrumbList\",\"@id\":\"https:\/\/chicco.life\/sv\/quienes-somos\/#breadcrumb\",\"itemListElement\":[{\"@type\":\"ListItem\",\"position\":1,\"name\":\"Portada\",\"item\":\"https:\/\/chicco.life\/sv\/\"},{\"@type\":\"ListItem\",\"position\":2,\"name\":\"Qui\u00e9nes somos\"}]},{\"@type\":\"WebSite\",\"@id\":\"https:\/\/chicco.life\/sv\/#website\",\"url\":\"https:\/\/chicco.life\/sv\/\",\"name\":\"Chicco\",\"description\":\"Crecemos Juntos\",\"publisher\":{\"@id\":\"https:\/\/chicco.life\/sv\/#organization\"},\"potentialAction\":[{\"@type\":\"SearchAction\",\"target\":{\"@type\":\"EntryPoint\",\"urlTemplate\":\"https:\/\/chicco.life\/sv\/?s={search_term_string}\"},\"query-input\":{\"@type\":\"PropertyValueSpecification\",\"valueRequired\":true,\"valueName\":\"search_term_string\"}}],\"inLanguage\":\"es\"},{\"@type\":\"Organization\",\"@id\":\"https:\/\/chicco.life\/sv\/#organization\",\"name\":\"Chicco\",\"url\":\"https:\/\/chicco.life\/sv\/\",\"logo\":{\"@type\":\"ImageObject\",\"inLanguage\":\"es\",\"@id\":\"https:\/\/chicco.life\/sv\/#\/schema\/logo\/image\/\",\"url\":\"https:\/\/chicco.life\/sv\/wp-content\/uploads\/2021\/10\/main_logo-1.png\",\"contentUrl\":\"https:\/\/chicco.life\/sv\/wp-content\/uploads\/2021\/10\/main_logo-1.png\",\"width\":400,\"height\":220,\"caption\":\"Chicco\"},\"image\":{\"@id\":\"https:\/\/chicco.life\/sv\/#\/schema\/logo\/image\/\"}}]}<\/script>\n<!-- \/ Yoast SEO plugin. -->","yoast_head_json":{"title":"Crea momentos dulces con tu beb\u00e9 con productos Chicco","description":"Chicco est\u00e1 en todo momento para t\u00ed y tu beb\u00e9 desde antes de nacer","robots":{"index":"index","follow":"follow","max-snippet":"max-snippet:-1","max-image-preview":"max-image-preview:large","max-video-preview":"max-video-preview:-1"},"canonical":"https:\/\/chicco.life\/sv\/quienes-somos\/","og_locale":"es_ES","og_type":"article","og_title":"Crea momentos dulces con tu beb\u00e9 con productos Chicco","og_description":"Chicco est\u00e1 en todo momento para t\u00ed y tu beb\u00e9 desde antes de nacer","og_url":"https:\/\/chicco.life\/sv\/quienes-somos\/","og_site_name":"Chicco","article_modified_time":"2022-01-20T04:57:34+00:00","og_image":[{"width":565,"height":269,"url":"https:\/\/chicco.life\/sv\/wp-content\/uploads\/2021\/10\/cercania.png","type":"image\/png"}],"twitter_card":"summary_large_image","twitter_misc":{"Tiempo de lectura":"1 minuto"},"schema":{"@context":"https:\/\/schema.org","@graph":[{"@type":"WebPage","@id":"https:\/\/chicco.life\/sv\/quienes-somos\/","url":"https:\/\/chicco.life\/sv\/quienes-somos\/","name":"Crea momentos dulces con tu beb\u00e9 con productos Chicco","isPartOf":{"@id":"https:\/\/chicco.life\/sv\/#website"},"primaryImageOfPage":{"@id":"https:\/\/chicco.life\/sv\/quienes-somos\/#primaryimage"},"image":{"@id":"https:\/\/chicco.life\/sv\/quienes-somos\/#primaryimage"},"thumbnailUrl":"https:\/\/chicco.life\/sv\/wp-content\/uploads\/2021\/10\/cercania.png","datePublished":"2019-12-16T23:38:30+00:00","dateModified":"2022-01-20T04:57:34+00:00","description":"Chicco est\u00e1 en todo momento para t\u00ed y tu beb\u00e9 desde antes de nacer","breadcrumb":{"@id":"https:\/\/chicco.life\/sv\/quienes-somos\/#breadcrumb"},"inLanguage":"es","potentialAction":[{"@type":"ReadAction","target":["https:\/\/chicco.life\/sv\/quienes-somos\/"]}]},{"@type":"ImageObject","inLanguage":"es","@id":"https:\/\/chicco.life\/sv\/quienes-somos\/#primaryimage","url":"https:\/\/chicco.life\/sv\/wp-content\/uploads\/2021\/10\/cercania.png","contentUrl":"https:\/\/chicco.life\/sv\/wp-content\/uploads\/2021\/10\/cercania.png","width":565,"height":269},{"@type":"BreadcrumbList","@id":"https:\/\/chicco.life\/sv\/quienes-somos\/#breadcrumb","itemListElement":[{"@type":"ListItem","position":1,"name":"Portada","item":"https:\/\/chicco.life\/sv\/"},{"@type":"ListItem","position":2,"name":"Qui\u00e9nes somos"}]},{"@type":"WebSite","@id":"https:\/\/chicco.life\/sv\/#website","url":"https:\/\/chicco.life\/sv\/","name":"Chicco","description":"Crecemos Juntos","publisher":{"@id":"https:\/\/chicco.life\/sv\/#organization"},"potentialAction":[{"@type":"SearchAction","target":{"@type":"EntryPoint","urlTemplate":"https:\/\/chicco.life\/sv\/?s={search_term_string}"},"query-input":{"@type":"PropertyValueSpecification","valueRequired":true,"valueName":"search_term_string"}}],"inLanguage":"es"},{"@type":"Organization","@id":"https:\/\/chicco.life\/sv\/#organization","name":"Chicco","url":"https:\/\/chicco.life\/sv\/","logo":{"@type":"ImageObject","inLanguage":"es","@id":"https:\/\/chicco.life\/sv\/#\/schema\/logo\/image\/","url":"https:\/\/chicco.life\/sv\/wp-content\/uploads\/2021\/10\/main_logo-1.png","contentUrl":"https:\/\/chicco.life\/sv\/wp-content\/uploads\/2021\/10\/main_logo-1.png","width":400,"height":220,"caption":"Chicco"},"image":{"@id":"https:\/\/chicco.life\/sv\/#\/schema\/logo\/image\/"}}]}},"_links":{"self":[{"href":"https:\/\/chicco.life\/sv\/wp-json\/wp\/v2\/pages\/25334","targetHints":{"allow":["GET"]}}],"collection":[{"href":"https:\/\/chicco.life\/sv\/wp-json\/wp\/v2\/pages"}],"about":[{"href":"https:\/\/chicco.life\/sv\/wp-json\/wp\/v2\/types\/page"}],"author":[{"embeddable":true,"href":"https:\/\/chicco.life\/sv\/wp-json\/wp\/v2\/users\/1"}],"replies":[{"embeddable":true,"href":"https:\/\/chicco.life\/sv\/wp-json\/wp\/v2\/comments?post=25334"}],"version-history":[{"count":26,"href":"https:\/\/chicco.life\/sv\/wp-json\/wp\/v2\/pages\/25334\/revisions"}],"predecessor-version":[{"id":27863,"href":"https:\/\/chicco.life\/sv\/wp-json\/wp\/v2\/pages\/25334\/revisions\/27863"}],"wp:featuredmedia":[{"embeddable":true,"href":"https:\/\/chicco.life\/sv\/wp-json\/wp\/v2\/media\/27812"}],"wp:attachment":[{"href":"https:\/\/chicco.life\/sv\/wp-json\/wp\/v2\/media?parent=25334"}],"curies":[{"name":"wp","href":"https:\/\/api.w.org\/{rel}","templated":true}]}}