{"id":25770,"date":"2020-02-21T11:31:50","date_gmt":"2020-02-21T11:31:50","guid":{"rendered":"http:\/\/chicco.life\/?page_id=25770"},"modified":"2022-07-08T05:08:46","modified_gmt":"2022-07-08T05:08:46","slug":"promociones","status":"publish","type":"page","link":"https:\/\/chicco.life\/sv\/promociones\/","title":{"rendered":"PROMOCIONES"},"content":{"rendered":"\n<h3 class=\"has-text-align-center title color-1 wp-block-heading\">Ofertas y Promociones<\/h3>\n\n\n\n<p class=\"has-text-align-center\">\u00a1Chicco te acerca las mejores ofertas y promociones para realizar tus compras a precios especiales! Busc\u00e1 las promociones que m\u00e1s te interesan y aprovech\u00e1 de inmediato visitando el comercio m\u00e1s cercano a tu domicilio.<\/p>\n\n\n\n<div class=\"row\">\n    <div class=\"col-md-4 mx-auto\">\n        <a href=\"https:\/\/chicco.life\/sv\/product\/cuddle-bubble-ocean\/\">\n            <img decoding=\"async\" src=\"https:\/\/chicco.life\/sv\/wp-content\/uploads\/2022\/07\/julio_promo_cuddle.jpg\" alt=\"promo julio\" class=\"img-fluid\">\n        <\/a>\n    <\/div>\n    <div class=\"col-md-4 mx-auto\">\n        <a href=\"https:\/\/chicco.life\/sv\/product\/set-naturalfeeling-large\/\">\n            <img decoding=\"async\" src=\"https:\/\/chicco.life\/sv\/wp-content\/uploads\/2022\/07\/julio_promo_natural_feeling_set.jpg\" alt=\"promo julio\" class=\"img-fluid\">\n        <\/a>\n    <\/div>\n<\/div>\n","protected":false},"excerpt":{"rendered":"<p>Ofertas y Promociones \u00a1Chicco te acerca las mejores ofertas y promociones para realizar tus compras a precios especiales! Busc\u00e1 las promociones que&#8230;<\/p>\n","protected":false},"author":1,"featured_media":0,"parent":0,"menu_order":0,"comment_status":"closed","ping_status":"closed","template":"","meta":{"_acf_changed":false,"footnotes":""},"class_list":["post-25770","page","type-page","status-publish","hentry"],"acf":[],"yoast_head":"<!-- This site is optimized with the Yoast SEO plugin v25.8 - https:\/\/yoast.com\/wordpress\/plugins\/seo\/ -->\n<title>Dale a tu beb\u00e9 lo mejor con nuestra tienda en l\u00ednea<\/title>\n<meta name=\"description\" content=\"Las promociones disponibles de temporada est\u00e1n incr\u00edbles en accesorios de beb\u00e9\" \/>\n<meta name=\"robots\" content=\"index, follow, max-snippet:-1, max-image-preview:large, max-video-preview:-1\" \/>\n<link rel=\"canonical\" href=\"https:\/\/chicco.life\/sv\/promociones\/\" \/>\n<meta property=\"og:locale\" content=\"es_ES\" \/>\n<meta property=\"og:type\" content=\"article\" \/>\n<meta property=\"og:title\" content=\"Dale a tu beb\u00e9 lo mejor con nuestra tienda en l\u00ednea\" \/>\n<meta property=\"og:description\" content=\"Las promociones disponibles de temporada est\u00e1n incr\u00edbles en accesorios de beb\u00e9\" \/>\n<meta property=\"og:url\" content=\"https:\/\/chicco.life\/sv\/promociones\/\" \/>\n<meta property=\"og:site_name\" content=\"Chicco\" \/>\n<meta property=\"article:modified_time\" content=\"2022-07-08T05:08:46+00:00\" \/>\n<meta property=\"og:image\" content=\"https:\/\/chicco.life\/sv\/wp-content\/uploads\/2022\/07\/julio_promo_cuddle.jpg\" \/>\n<meta name=\"twitter:card\" content=\"summary_large_image\" \/>\n<meta name=\"twitter:label1\" content=\"Tiempo de lectura\" \/>\n\t<meta name=\"twitter:data1\" content=\"1 minuto\" \/>\n<script type=\"application\/ld+json\" class=\"yoast-schema-graph\">{\"@context\":\"https:\/\/schema.org\",\"@graph\":[{\"@type\":\"WebPage\",\"@id\":\"https:\/\/chicco.life\/sv\/promociones\/\",\"url\":\"https:\/\/chicco.life\/sv\/promociones\/\",\"name\":\"Dale a tu beb\u00e9 lo mejor con nuestra tienda en l\u00ednea\",\"isPartOf\":{\"@id\":\"https:\/\/chicco.life\/sv\/#website\"},\"primaryImageOfPage\":{\"@id\":\"https:\/\/chicco.life\/sv\/promociones\/#primaryimage\"},\"image\":{\"@id\":\"https:\/\/chicco.life\/sv\/promociones\/#primaryimage\"},\"thumbnailUrl\":\"https:\/\/chicco.life\/sv\/wp-content\/uploads\/2022\/07\/julio_promo_cuddle.jpg\",\"datePublished\":\"2020-02-21T11:31:50+00:00\",\"dateModified\":\"2022-07-08T05:08:46+00:00\",\"description\":\"Las promociones disponibles de temporada est\u00e1n incr\u00edbles en accesorios de beb\u00e9\",\"breadcrumb\":{\"@id\":\"https:\/\/chicco.life\/sv\/promociones\/#breadcrumb\"},\"inLanguage\":\"es\",\"potentialAction\":[{\"@type\":\"ReadAction\",\"target\":[\"https:\/\/chicco.life\/sv\/promociones\/\"]}]},{\"@type\":\"ImageObject\",\"inLanguage\":\"es\",\"@id\":\"https:\/\/chicco.life\/sv\/promociones\/#primaryimage\",\"url\":\"https:\/\/chicco.life\/sv\/wp-content\/uploads\/2022\/07\/julio_promo_cuddle.jpg\",\"contentUrl\":\"https:\/\/chicco.life\/sv\/wp-content\/uploads\/2022\/07\/julio_promo_cuddle.jpg\",\"width\":500,\"height\":889},{\"@type\":\"BreadcrumbList\",\"@id\":\"https:\/\/chicco.life\/sv\/promociones\/#breadcrumb\",\"itemListElement\":[{\"@type\":\"ListItem\",\"position\":1,\"name\":\"Portada\",\"item\":\"https:\/\/chicco.life\/sv\/\"},{\"@type\":\"ListItem\",\"position\":2,\"name\":\"PROMOCIONES\"}]},{\"@type\":\"WebSite\",\"@id\":\"https:\/\/chicco.life\/sv\/#website\",\"url\":\"https:\/\/chicco.life\/sv\/\",\"name\":\"Chicco\",\"description\":\"Crecemos Juntos\",\"publisher\":{\"@id\":\"https:\/\/chicco.life\/sv\/#organization\"},\"potentialAction\":[{\"@type\":\"SearchAction\",\"target\":{\"@type\":\"EntryPoint\",\"urlTemplate\":\"https:\/\/chicco.life\/sv\/?s={search_term_string}\"},\"query-input\":{\"@type\":\"PropertyValueSpecification\",\"valueRequired\":true,\"valueName\":\"search_term_string\"}}],\"inLanguage\":\"es\"},{\"@type\":\"Organization\",\"@id\":\"https:\/\/chicco.life\/sv\/#organization\",\"name\":\"Chicco\",\"url\":\"https:\/\/chicco.life\/sv\/\",\"logo\":{\"@type\":\"ImageObject\",\"inLanguage\":\"es\",\"@id\":\"https:\/\/chicco.life\/sv\/#\/schema\/logo\/image\/\",\"url\":\"https:\/\/chicco.life\/sv\/wp-content\/uploads\/2021\/10\/main_logo-1.png\",\"contentUrl\":\"https:\/\/chicco.life\/sv\/wp-content\/uploads\/2021\/10\/main_logo-1.png\",\"width\":400,\"height\":220,\"caption\":\"Chicco\"},\"image\":{\"@id\":\"https:\/\/chicco.life\/sv\/#\/schema\/logo\/image\/\"}}]}<\/script>\n<!-- \/ Yoast SEO plugin. -->","yoast_head_json":{"title":"Dale a tu beb\u00e9 lo mejor con nuestra tienda en l\u00ednea","description":"Las promociones disponibles de temporada est\u00e1n incr\u00edbles en accesorios de beb\u00e9","robots":{"index":"index","follow":"follow","max-snippet":"max-snippet:-1","max-image-preview":"max-image-preview:large","max-video-preview":"max-video-preview:-1"},"canonical":"https:\/\/chicco.life\/sv\/promociones\/","og_locale":"es_ES","og_type":"article","og_title":"Dale a tu beb\u00e9 lo mejor con nuestra tienda en l\u00ednea","og_description":"Las promociones disponibles de temporada est\u00e1n incr\u00edbles en accesorios de beb\u00e9","og_url":"https:\/\/chicco.life\/sv\/promociones\/","og_site_name":"Chicco","article_modified_time":"2022-07-08T05:08:46+00:00","og_image":[{"url":"https:\/\/chicco.life\/sv\/wp-content\/uploads\/2022\/07\/julio_promo_cuddle.jpg","type":"","width":"","height":""}],"twitter_card":"summary_large_image","twitter_misc":{"Tiempo de lectura":"1 minuto"},"schema":{"@context":"https:\/\/schema.org","@graph":[{"@type":"WebPage","@id":"https:\/\/chicco.life\/sv\/promociones\/","url":"https:\/\/chicco.life\/sv\/promociones\/","name":"Dale a tu beb\u00e9 lo mejor con nuestra tienda en l\u00ednea","isPartOf":{"@id":"https:\/\/chicco.life\/sv\/#website"},"primaryImageOfPage":{"@id":"https:\/\/chicco.life\/sv\/promociones\/#primaryimage"},"image":{"@id":"https:\/\/chicco.life\/sv\/promociones\/#primaryimage"},"thumbnailUrl":"https:\/\/chicco.life\/sv\/wp-content\/uploads\/2022\/07\/julio_promo_cuddle.jpg","datePublished":"2020-02-21T11:31:50+00:00","dateModified":"2022-07-08T05:08:46+00:00","description":"Las promociones disponibles de temporada est\u00e1n incr\u00edbles en accesorios de beb\u00e9","breadcrumb":{"@id":"https:\/\/chicco.life\/sv\/promociones\/#breadcrumb"},"inLanguage":"es","potentialAction":[{"@type":"ReadAction","target":["https:\/\/chicco.life\/sv\/promociones\/"]}]},{"@type":"ImageObject","inLanguage":"es","@id":"https:\/\/chicco.life\/sv\/promociones\/#primaryimage","url":"https:\/\/chicco.life\/sv\/wp-content\/uploads\/2022\/07\/julio_promo_cuddle.jpg","contentUrl":"https:\/\/chicco.life\/sv\/wp-content\/uploads\/2022\/07\/julio_promo_cuddle.jpg","width":500,"height":889},{"@type":"BreadcrumbList","@id":"https:\/\/chicco.life\/sv\/promociones\/#breadcrumb","itemListElement":[{"@type":"ListItem","position":1,"name":"Portada","item":"https:\/\/chicco.life\/sv\/"},{"@type":"ListItem","position":2,"name":"PROMOCIONES"}]},{"@type":"WebSite","@id":"https:\/\/chicco.life\/sv\/#website","url":"https:\/\/chicco.life\/sv\/","name":"Chicco","description":"Crecemos Juntos","publisher":{"@id":"https:\/\/chicco.life\/sv\/#organization"},"potentialAction":[{"@type":"SearchAction","target":{"@type":"EntryPoint","urlTemplate":"https:\/\/chicco.life\/sv\/?s={search_term_string}"},"query-input":{"@type":"PropertyValueSpecification","valueRequired":true,"valueName":"search_term_string"}}],"inLanguage":"es"},{"@type":"Organization","@id":"https:\/\/chicco.life\/sv\/#organization","name":"Chicco","url":"https:\/\/chicco.life\/sv\/","logo":{"@type":"ImageObject","inLanguage":"es","@id":"https:\/\/chicco.life\/sv\/#\/schema\/logo\/image\/","url":"https:\/\/chicco.life\/sv\/wp-content\/uploads\/2021\/10\/main_logo-1.png","contentUrl":"https:\/\/chicco.life\/sv\/wp-content\/uploads\/2021\/10\/main_logo-1.png","width":400,"height":220,"caption":"Chicco"},"image":{"@id":"https:\/\/chicco.life\/sv\/#\/schema\/logo\/image\/"}}]}},"_links":{"self":[{"href":"https:\/\/chicco.life\/sv\/wp-json\/wp\/v2\/pages\/25770","targetHints":{"allow":["GET"]}}],"collection":[{"href":"https:\/\/chicco.life\/sv\/wp-json\/wp\/v2\/pages"}],"about":[{"href":"https:\/\/chicco.life\/sv\/wp-json\/wp\/v2\/types\/page"}],"author":[{"embeddable":true,"href":"https:\/\/chicco.life\/sv\/wp-json\/wp\/v2\/users\/1"}],"replies":[{"embeddable":true,"href":"https:\/\/chicco.life\/sv\/wp-json\/wp\/v2\/comments?post=25770"}],"version-history":[{"count":23,"href":"https:\/\/chicco.life\/sv\/wp-json\/wp\/v2\/pages\/25770\/revisions"}],"predecessor-version":[{"id":28060,"href":"https:\/\/chicco.life\/sv\/wp-json\/wp\/v2\/pages\/25770\/revisions\/28060"}],"wp:attachment":[{"href":"https:\/\/chicco.life\/sv\/wp-json\/wp\/v2\/media?parent=25770"}],"curies":[{"name":"wp","href":"https:\/\/api.w.org\/{rel}","templated":true}]}}