{"id":26206,"date":"2021-04-17T17:32:07","date_gmt":"2021-04-17T17:32:07","guid":{"rendered":"https:\/\/chicco.life\/sv\/?page_id=26206"},"modified":"2022-01-20T04:57:01","modified_gmt":"2022-01-20T04:57:01","slug":"pdv","status":"publish","type":"page","link":"https:\/\/chicco.life\/sv\/pdv\/","title":{"rendered":"Puntos de Venta"},"content":{"rendered":"","protected":false},"excerpt":{"rendered":"","protected":false},"author":1,"featured_media":0,"parent":0,"menu_order":0,"comment_status":"closed","ping_status":"closed","template":"page-templates\/tmpl-pdv.php","meta":{"_acf_changed":false,"footnotes":""},"class_list":["post-26206","page","type-page","status-publish","hentry"],"acf":[],"yoast_head":"<!-- This site is optimized with the Yoast SEO plugin v25.8 - https:\/\/yoast.com\/wordpress\/plugins\/seo\/ -->\n<title>Tu tienda de beb\u00e9s m\u00e1s cercana<\/title>\n<meta name=\"description\" content=\"Conoce nuestros puntos de venta para comprar accesorios de lactancia, descanso y m\u00e1s\" \/>\n<meta name=\"robots\" content=\"index, follow, max-snippet:-1, max-image-preview:large, max-video-preview:-1\" \/>\n<link rel=\"canonical\" href=\"https:\/\/chicco.life\/sv\/pdv\/\" \/>\n<meta property=\"og:locale\" content=\"es_ES\" \/>\n<meta property=\"og:type\" content=\"article\" \/>\n<meta property=\"og:title\" content=\"Tu tienda de beb\u00e9s m\u00e1s cercana\" \/>\n<meta property=\"og:description\" content=\"Conoce nuestros puntos de venta para comprar accesorios de lactancia, descanso y m\u00e1s\" \/>\n<meta property=\"og:url\" content=\"https:\/\/chicco.life\/sv\/pdv\/\" \/>\n<meta property=\"og:site_name\" content=\"Chicco\" \/>\n<meta property=\"article:modified_time\" content=\"2022-01-20T04:57:01+00:00\" \/>\n<meta name=\"twitter:card\" content=\"summary_large_image\" \/>\n<script type=\"application\/ld+json\" class=\"yoast-schema-graph\">{\"@context\":\"https:\/\/schema.org\",\"@graph\":[{\"@type\":\"WebPage\",\"@id\":\"https:\/\/chicco.life\/sv\/pdv\/\",\"url\":\"https:\/\/chicco.life\/sv\/pdv\/\",\"name\":\"Tu tienda de beb\u00e9s m\u00e1s cercana\",\"isPartOf\":{\"@id\":\"https:\/\/chicco.life\/sv\/#website\"},\"datePublished\":\"2021-04-17T17:32:07+00:00\",\"dateModified\":\"2022-01-20T04:57:01+00:00\",\"description\":\"Conoce nuestros puntos de venta para comprar accesorios de lactancia, descanso y m\u00e1s\",\"breadcrumb\":{\"@id\":\"https:\/\/chicco.life\/sv\/pdv\/#breadcrumb\"},\"inLanguage\":\"es\",\"potentialAction\":[{\"@type\":\"ReadAction\",\"target\":[\"https:\/\/chicco.life\/sv\/pdv\/\"]}]},{\"@type\":\"BreadcrumbList\",\"@id\":\"https:\/\/chicco.life\/sv\/pdv\/#breadcrumb\",\"itemListElement\":[{\"@type\":\"ListItem\",\"position\":1,\"name\":\"Portada\",\"item\":\"https:\/\/chicco.life\/sv\/\"},{\"@type\":\"ListItem\",\"position\":2,\"name\":\"Puntos de Venta\"}]},{\"@type\":\"WebSite\",\"@id\":\"https:\/\/chicco.life\/sv\/#website\",\"url\":\"https:\/\/chicco.life\/sv\/\",\"name\":\"Chicco\",\"description\":\"Crecemos Juntos\",\"publisher\":{\"@id\":\"https:\/\/chicco.life\/sv\/#organization\"},\"potentialAction\":[{\"@type\":\"SearchAction\",\"target\":{\"@type\":\"EntryPoint\",\"urlTemplate\":\"https:\/\/chicco.life\/sv\/?s={search_term_string}\"},\"query-input\":{\"@type\":\"PropertyValueSpecification\",\"valueRequired\":true,\"valueName\":\"search_term_string\"}}],\"inLanguage\":\"es\"},{\"@type\":\"Organization\",\"@id\":\"https:\/\/chicco.life\/sv\/#organization\",\"name\":\"Chicco\",\"url\":\"https:\/\/chicco.life\/sv\/\",\"logo\":{\"@type\":\"ImageObject\",\"inLanguage\":\"es\",\"@id\":\"https:\/\/chicco.life\/sv\/#\/schema\/logo\/image\/\",\"url\":\"https:\/\/chicco.life\/sv\/wp-content\/uploads\/2021\/10\/main_logo-1.png\",\"contentUrl\":\"https:\/\/chicco.life\/sv\/wp-content\/uploads\/2021\/10\/main_logo-1.png\",\"width\":400,\"height\":220,\"caption\":\"Chicco\"},\"image\":{\"@id\":\"https:\/\/chicco.life\/sv\/#\/schema\/logo\/image\/\"}}]}<\/script>\n<!-- \/ Yoast SEO plugin. -->","yoast_head_json":{"title":"Tu tienda de beb\u00e9s m\u00e1s cercana","description":"Conoce nuestros puntos de venta para comprar accesorios de lactancia, descanso y m\u00e1s","robots":{"index":"index","follow":"follow","max-snippet":"max-snippet:-1","max-image-preview":"max-image-preview:large","max-video-preview":"max-video-preview:-1"},"canonical":"https:\/\/chicco.life\/sv\/pdv\/","og_locale":"es_ES","og_type":"article","og_title":"Tu tienda de beb\u00e9s m\u00e1s cercana","og_description":"Conoce nuestros puntos de venta para comprar accesorios de lactancia, descanso y m\u00e1s","og_url":"https:\/\/chicco.life\/sv\/pdv\/","og_site_name":"Chicco","article_modified_time":"2022-01-20T04:57:01+00:00","twitter_card":"summary_large_image","schema":{"@context":"https:\/\/schema.org","@graph":[{"@type":"WebPage","@id":"https:\/\/chicco.life\/sv\/pdv\/","url":"https:\/\/chicco.life\/sv\/pdv\/","name":"Tu tienda de beb\u00e9s m\u00e1s cercana","isPartOf":{"@id":"https:\/\/chicco.life\/sv\/#website"},"datePublished":"2021-04-17T17:32:07+00:00","dateModified":"2022-01-20T04:57:01+00:00","description":"Conoce nuestros puntos de venta para comprar accesorios de lactancia, descanso y m\u00e1s","breadcrumb":{"@id":"https:\/\/chicco.life\/sv\/pdv\/#breadcrumb"},"inLanguage":"es","potentialAction":[{"@type":"ReadAction","target":["https:\/\/chicco.life\/sv\/pdv\/"]}]},{"@type":"BreadcrumbList","@id":"https:\/\/chicco.life\/sv\/pdv\/#breadcrumb","itemListElement":[{"@type":"ListItem","position":1,"name":"Portada","item":"https:\/\/chicco.life\/sv\/"},{"@type":"ListItem","position":2,"name":"Puntos de Venta"}]},{"@type":"WebSite","@id":"https:\/\/chicco.life\/sv\/#website","url":"https:\/\/chicco.life\/sv\/","name":"Chicco","description":"Crecemos Juntos","publisher":{"@id":"https:\/\/chicco.life\/sv\/#organization"},"potentialAction":[{"@type":"SearchAction","target":{"@type":"EntryPoint","urlTemplate":"https:\/\/chicco.life\/sv\/?s={search_term_string}"},"query-input":{"@type":"PropertyValueSpecification","valueRequired":true,"valueName":"search_term_string"}}],"inLanguage":"es"},{"@type":"Organization","@id":"https:\/\/chicco.life\/sv\/#organization","name":"Chicco","url":"https:\/\/chicco.life\/sv\/","logo":{"@type":"ImageObject","inLanguage":"es","@id":"https:\/\/chicco.life\/sv\/#\/schema\/logo\/image\/","url":"https:\/\/chicco.life\/sv\/wp-content\/uploads\/2021\/10\/main_logo-1.png","contentUrl":"https:\/\/chicco.life\/sv\/wp-content\/uploads\/2021\/10\/main_logo-1.png","width":400,"height":220,"caption":"Chicco"},"image":{"@id":"https:\/\/chicco.life\/sv\/#\/schema\/logo\/image\/"}}]}},"_links":{"self":[{"href":"https:\/\/chicco.life\/sv\/wp-json\/wp\/v2\/pages\/26206","targetHints":{"allow":["GET"]}}],"collection":[{"href":"https:\/\/chicco.life\/sv\/wp-json\/wp\/v2\/pages"}],"about":[{"href":"https:\/\/chicco.life\/sv\/wp-json\/wp\/v2\/types\/page"}],"author":[{"embeddable":true,"href":"https:\/\/chicco.life\/sv\/wp-json\/wp\/v2\/users\/1"}],"replies":[{"embeddable":true,"href":"https:\/\/chicco.life\/sv\/wp-json\/wp\/v2\/comments?post=26206"}],"version-history":[{"count":27,"href":"https:\/\/chicco.life\/sv\/wp-json\/wp\/v2\/pages\/26206\/revisions"}],"predecessor-version":[{"id":28210,"href":"https:\/\/chicco.life\/sv\/wp-json\/wp\/v2\/pages\/26206\/revisions\/28210"}],"wp:attachment":[{"href":"https:\/\/chicco.life\/sv\/wp-json\/wp\/v2\/media?parent=26206"}],"curies":[{"name":"wp","href":"https:\/\/api.w.org\/{rel}","templated":true}]}}