{"id":26861,"date":"2021-05-18T01:16:31","date_gmt":"2021-05-18T01:16:31","guid":{"rendered":"https:\/\/chicco.life\/sv\/?post_type=product&#038;p=26861"},"modified":"2026-01-12T18:39:37","modified_gmt":"2026-01-13T00:39:37","slug":"toothpaste-strawberry-12m-no-fluoride","status":"publish","type":"product","link":"https:\/\/chicco.life\/sv\/product\/toothpaste-strawberry-12m-no-fluoride\/","title":{"rendered":"PASTA DENTAL S\/FLUOR FRESA 12M+"},"content":{"rendered":"","protected":false},"excerpt":{"rendered":"<p>La pasta dental Chicco 12+ meses ayuda a iniciar el cuidado dental de tu beb\u00e9, previniendo las caries sin da\u00f1ar el esmalte. Adem\u00e1s, su sabor y baja abrasividad son ideales para comenzar a fomentar el h\u00e1bito de la higiene en los m\u00e1s peque\u00f1os.<\/p>\n","protected":false},"featured_media":27265,"comment_status":"open","ping_status":"closed","template":"","meta":{"_acf_changed":false},"product_brand":[],"product_cat":[165],"product_tag":[],"class_list":{"0":"post-26861","1":"product","2":"type-product","3":"status-publish","4":"has-post-thumbnail","6":"product_cat-cosmetica","8":"first","9":"instock","10":"shipping-taxable","11":"purchasable","12":"product-type-simple"},"acf":[],"yoast_head":"<!-- This site is optimized with the Yoast SEO plugin v25.8 - https:\/\/yoast.com\/wordpress\/plugins\/seo\/ -->\n<title>PASTA DENTAL S\/FLUOR FRESA 12M+ - Chicco<\/title>\n<meta name=\"robots\" content=\"index, follow, max-snippet:-1, max-image-preview:large, max-video-preview:-1\" \/>\n<link rel=\"canonical\" href=\"https:\/\/chicco.life\/sv\/product\/toothpaste-strawberry-12m-no-fluoride\/\" \/>\n<meta property=\"og:locale\" content=\"es_ES\" \/>\n<meta property=\"og:type\" content=\"article\" \/>\n<meta property=\"og:title\" content=\"PASTA DENTAL S\/FLUOR FRESA 12M+ - Chicco\" \/>\n<meta property=\"og:description\" content=\"La pasta dental Chicco 12+ meses ayuda a iniciar el cuidado dental de tu beb\u00e9, previniendo las caries sin da\u00f1ar el esmalte. Adem\u00e1s, su sabor y baja abrasividad son ideales para comenzar a fomentar el h\u00e1bito de la higiene en los m\u00e1s peque\u00f1os.\" \/>\n<meta property=\"og:url\" content=\"https:\/\/chicco.life\/sv\/product\/toothpaste-strawberry-12m-no-fluoride\/\" \/>\n<meta property=\"og:site_name\" content=\"Chicco\" \/>\n<meta property=\"article:modified_time\" content=\"2026-01-13T00:39:37+00:00\" \/>\n<meta property=\"og:image\" content=\"https:\/\/chicco.life\/sv\/wp-content\/uploads\/2021\/05\/toothpaste-strawberry-12m-no-fluoride.jpg\" \/>\n\t<meta property=\"og:image:width\" content=\"600\" \/>\n\t<meta property=\"og:image:height\" content=\"600\" \/>\n\t<meta property=\"og:image:type\" content=\"image\/jpeg\" \/>\n<meta name=\"twitter:card\" content=\"summary_large_image\" \/>\n<script type=\"application\/ld+json\" class=\"yoast-schema-graph\">{\"@context\":\"https:\/\/schema.org\",\"@graph\":[{\"@type\":\"WebPage\",\"@id\":\"https:\/\/chicco.life\/sv\/product\/toothpaste-strawberry-12m-no-fluoride\/\",\"url\":\"https:\/\/chicco.life\/sv\/product\/toothpaste-strawberry-12m-no-fluoride\/\",\"name\":\"PASTA DENTAL S\/FLUOR FRESA 12M+ - Chicco\",\"isPartOf\":{\"@id\":\"https:\/\/chicco.life\/sv\/#website\"},\"primaryImageOfPage\":{\"@id\":\"https:\/\/chicco.life\/sv\/product\/toothpaste-strawberry-12m-no-fluoride\/#primaryimage\"},\"image\":{\"@id\":\"https:\/\/chicco.life\/sv\/product\/toothpaste-strawberry-12m-no-fluoride\/#primaryimage\"},\"thumbnailUrl\":\"https:\/\/chicco.life\/sv\/wp-content\/uploads\/2021\/05\/toothpaste-strawberry-12m-no-fluoride.jpg\",\"datePublished\":\"2021-05-18T01:16:31+00:00\",\"dateModified\":\"2026-01-13T00:39:37+00:00\",\"breadcrumb\":{\"@id\":\"https:\/\/chicco.life\/sv\/product\/toothpaste-strawberry-12m-no-fluoride\/#breadcrumb\"},\"inLanguage\":\"es\",\"potentialAction\":[{\"@type\":\"ReadAction\",\"target\":[\"https:\/\/chicco.life\/sv\/product\/toothpaste-strawberry-12m-no-fluoride\/\"]}]},{\"@type\":\"ImageObject\",\"inLanguage\":\"es\",\"@id\":\"https:\/\/chicco.life\/sv\/product\/toothpaste-strawberry-12m-no-fluoride\/#primaryimage\",\"url\":\"https:\/\/chicco.life\/sv\/wp-content\/uploads\/2021\/05\/toothpaste-strawberry-12m-no-fluoride.jpg\",\"contentUrl\":\"https:\/\/chicco.life\/sv\/wp-content\/uploads\/2021\/05\/toothpaste-strawberry-12m-no-fluoride.jpg\",\"width\":600,\"height\":600},{\"@type\":\"BreadcrumbList\",\"@id\":\"https:\/\/chicco.life\/sv\/product\/toothpaste-strawberry-12m-no-fluoride\/#breadcrumb\",\"itemListElement\":[{\"@type\":\"ListItem\",\"position\":1,\"name\":\"Portada\",\"item\":\"https:\/\/chicco.life\/sv\/\"},{\"@type\":\"ListItem\",\"position\":2,\"name\":\"PASTA DENTAL S\/FLUOR FRESA 12M+\"}]},{\"@type\":\"WebSite\",\"@id\":\"https:\/\/chicco.life\/sv\/#website\",\"url\":\"https:\/\/chicco.life\/sv\/\",\"name\":\"Chicco\",\"description\":\"Crecemos Juntos\",\"publisher\":{\"@id\":\"https:\/\/chicco.life\/sv\/#organization\"},\"potentialAction\":[{\"@type\":\"SearchAction\",\"target\":{\"@type\":\"EntryPoint\",\"urlTemplate\":\"https:\/\/chicco.life\/sv\/?s={search_term_string}\"},\"query-input\":{\"@type\":\"PropertyValueSpecification\",\"valueRequired\":true,\"valueName\":\"search_term_string\"}}],\"inLanguage\":\"es\"},{\"@type\":\"Organization\",\"@id\":\"https:\/\/chicco.life\/sv\/#organization\",\"name\":\"Chicco\",\"url\":\"https:\/\/chicco.life\/sv\/\",\"logo\":{\"@type\":\"ImageObject\",\"inLanguage\":\"es\",\"@id\":\"https:\/\/chicco.life\/sv\/#\/schema\/logo\/image\/\",\"url\":\"https:\/\/chicco.life\/sv\/wp-content\/uploads\/2021\/10\/main_logo-1.png\",\"contentUrl\":\"https:\/\/chicco.life\/sv\/wp-content\/uploads\/2021\/10\/main_logo-1.png\",\"width\":400,\"height\":220,\"caption\":\"Chicco\"},\"image\":{\"@id\":\"https:\/\/chicco.life\/sv\/#\/schema\/logo\/image\/\"}}]}<\/script>\n<!-- \/ Yoast SEO plugin. -->","yoast_head_json":{"title":"PASTA DENTAL S\/FLUOR FRESA 12M+ - Chicco","robots":{"index":"index","follow":"follow","max-snippet":"max-snippet:-1","max-image-preview":"max-image-preview:large","max-video-preview":"max-video-preview:-1"},"canonical":"https:\/\/chicco.life\/sv\/product\/toothpaste-strawberry-12m-no-fluoride\/","og_locale":"es_ES","og_type":"article","og_title":"PASTA DENTAL S\/FLUOR FRESA 12M+ - Chicco","og_description":"La pasta dental Chicco 12+ meses ayuda a iniciar el cuidado dental de tu beb\u00e9, previniendo las caries sin da\u00f1ar el esmalte. Adem\u00e1s, su sabor y baja abrasividad son ideales para comenzar a fomentar el h\u00e1bito de la higiene en los m\u00e1s peque\u00f1os.","og_url":"https:\/\/chicco.life\/sv\/product\/toothpaste-strawberry-12m-no-fluoride\/","og_site_name":"Chicco","article_modified_time":"2026-01-13T00:39:37+00:00","og_image":[{"width":600,"height":600,"url":"https:\/\/chicco.life\/sv\/wp-content\/uploads\/2021\/05\/toothpaste-strawberry-12m-no-fluoride.jpg","type":"image\/jpeg"}],"twitter_card":"summary_large_image","schema":{"@context":"https:\/\/schema.org","@graph":[{"@type":"WebPage","@id":"https:\/\/chicco.life\/sv\/product\/toothpaste-strawberry-12m-no-fluoride\/","url":"https:\/\/chicco.life\/sv\/product\/toothpaste-strawberry-12m-no-fluoride\/","name":"PASTA DENTAL S\/FLUOR FRESA 12M+ - Chicco","isPartOf":{"@id":"https:\/\/chicco.life\/sv\/#website"},"primaryImageOfPage":{"@id":"https:\/\/chicco.life\/sv\/product\/toothpaste-strawberry-12m-no-fluoride\/#primaryimage"},"image":{"@id":"https:\/\/chicco.life\/sv\/product\/toothpaste-strawberry-12m-no-fluoride\/#primaryimage"},"thumbnailUrl":"https:\/\/chicco.life\/sv\/wp-content\/uploads\/2021\/05\/toothpaste-strawberry-12m-no-fluoride.jpg","datePublished":"2021-05-18T01:16:31+00:00","dateModified":"2026-01-13T00:39:37+00:00","breadcrumb":{"@id":"https:\/\/chicco.life\/sv\/product\/toothpaste-strawberry-12m-no-fluoride\/#breadcrumb"},"inLanguage":"es","potentialAction":[{"@type":"ReadAction","target":["https:\/\/chicco.life\/sv\/product\/toothpaste-strawberry-12m-no-fluoride\/"]}]},{"@type":"ImageObject","inLanguage":"es","@id":"https:\/\/chicco.life\/sv\/product\/toothpaste-strawberry-12m-no-fluoride\/#primaryimage","url":"https:\/\/chicco.life\/sv\/wp-content\/uploads\/2021\/05\/toothpaste-strawberry-12m-no-fluoride.jpg","contentUrl":"https:\/\/chicco.life\/sv\/wp-content\/uploads\/2021\/05\/toothpaste-strawberry-12m-no-fluoride.jpg","width":600,"height":600},{"@type":"BreadcrumbList","@id":"https:\/\/chicco.life\/sv\/product\/toothpaste-strawberry-12m-no-fluoride\/#breadcrumb","itemListElement":[{"@type":"ListItem","position":1,"name":"Portada","item":"https:\/\/chicco.life\/sv\/"},{"@type":"ListItem","position":2,"name":"PASTA DENTAL S\/FLUOR FRESA 12M+"}]},{"@type":"WebSite","@id":"https:\/\/chicco.life\/sv\/#website","url":"https:\/\/chicco.life\/sv\/","name":"Chicco","description":"Crecemos Juntos","publisher":{"@id":"https:\/\/chicco.life\/sv\/#organization"},"potentialAction":[{"@type":"SearchAction","target":{"@type":"EntryPoint","urlTemplate":"https:\/\/chicco.life\/sv\/?s={search_term_string}"},"query-input":{"@type":"PropertyValueSpecification","valueRequired":true,"valueName":"search_term_string"}}],"inLanguage":"es"},{"@type":"Organization","@id":"https:\/\/chicco.life\/sv\/#organization","name":"Chicco","url":"https:\/\/chicco.life\/sv\/","logo":{"@type":"ImageObject","inLanguage":"es","@id":"https:\/\/chicco.life\/sv\/#\/schema\/logo\/image\/","url":"https:\/\/chicco.life\/sv\/wp-content\/uploads\/2021\/10\/main_logo-1.png","contentUrl":"https:\/\/chicco.life\/sv\/wp-content\/uploads\/2021\/10\/main_logo-1.png","width":400,"height":220,"caption":"Chicco"},"image":{"@id":"https:\/\/chicco.life\/sv\/#\/schema\/logo\/image\/"}}]}},"_links":{"self":[{"href":"https:\/\/chicco.life\/sv\/wp-json\/wp\/v2\/product\/26861","targetHints":{"allow":["GET"]}}],"collection":[{"href":"https:\/\/chicco.life\/sv\/wp-json\/wp\/v2\/product"}],"about":[{"href":"https:\/\/chicco.life\/sv\/wp-json\/wp\/v2\/types\/product"}],"replies":[{"embeddable":true,"href":"https:\/\/chicco.life\/sv\/wp-json\/wp\/v2\/comments?post=26861"}],"wp:featuredmedia":[{"embeddable":true,"href":"https:\/\/chicco.life\/sv\/wp-json\/wp\/v2\/media\/27265"}],"wp:attachment":[{"href":"https:\/\/chicco.life\/sv\/wp-json\/wp\/v2\/media?parent=26861"}],"wp:term":[{"taxonomy":"product_brand","embeddable":true,"href":"https:\/\/chicco.life\/sv\/wp-json\/wp\/v2\/product_brand?post=26861"},{"taxonomy":"product_cat","embeddable":true,"href":"https:\/\/chicco.life\/sv\/wp-json\/wp\/v2\/product_cat?post=26861"},{"taxonomy":"product_tag","embeddable":true,"href":"https:\/\/chicco.life\/sv\/wp-json\/wp\/v2\/product_tag?post=26861"}],"curies":[{"name":"wp","href":"https:\/\/api.w.org\/{rel}","templated":true}]}}