{"id":26975,"date":"2021-05-21T19:42:18","date_gmt":"2021-05-21T19:42:18","guid":{"rendered":"https:\/\/chicco.life\/sv\/?post_type=product&#038;p=26975"},"modified":"2025-08-25T10:15:10","modified_gmt":"2025-08-25T16:15:10","slug":"biberon-wb-col-pp-grl-330-fast-sil","status":"publish","type":"product","link":"https:\/\/chicco.life\/sv\/product\/biberon-wb-col-pp-grl-330-fast-sil\/","title":{"rendered":"BIBERON FISIO WB 330ML AZUL"},"content":{"rendered":"","protected":false},"excerpt":{"rendered":"<ul>\n<li>La v\u00e1lvula antic\u00f3licos evita la ingesti\u00f3n de aire, lo que reduce el riesgo de c\u00f3licos despu\u00e9s de la alimentaci\u00f3n.<\/li>\n<li>Dise\u00f1ado para imitar m\u00e1s de cerca la lactancia materna para reducir el rechazo del biber\u00f3n y los problemas de confusi\u00f3n del pez\u00f3n.<\/li>\n<li>La tetina de silicona s\u00faper suave tiene la misma forma que la tetina de lactancia de mam\u00e1 para un ajuste familiar.<\/li>\n<\/ul>\n","protected":false},"featured_media":27235,"comment_status":"open","ping_status":"closed","template":"","meta":{"_acf_changed":false},"product_brand":[],"product_cat":[126],"product_tag":[],"class_list":{"0":"post-26975","1":"product","2":"type-product","3":"status-publish","4":"has-post-thumbnail","6":"product_cat-lactancia","8":"first","9":"instock","10":"shipping-taxable","11":"purchasable","12":"product-type-simple"},"acf":[],"yoast_head":"<!-- This site is optimized with the Yoast SEO plugin v25.8 - https:\/\/yoast.com\/wordpress\/plugins\/seo\/ -->\n<title>BIBERON FISIO WB 330ML AZUL - Chicco<\/title>\n<meta name=\"robots\" content=\"index, follow, max-snippet:-1, max-image-preview:large, max-video-preview:-1\" \/>\n<link rel=\"canonical\" href=\"https:\/\/chicco.life\/sv\/product\/biberon-wb-col-pp-grl-330-fast-sil\/\" \/>\n<meta property=\"og:locale\" content=\"es_ES\" \/>\n<meta property=\"og:type\" content=\"article\" \/>\n<meta property=\"og:title\" content=\"BIBERON FISIO WB 330ML AZUL - Chicco\" \/>\n<meta property=\"og:description\" content=\"La v\u00e1lvula antic\u00f3licos evita la ingesti\u00f3n de aire, lo que reduce el riesgo de c\u00f3licos despu\u00e9s de la alimentaci\u00f3n.  Dise\u00f1ado para imitar m\u00e1s de cerca la lactancia materna para reducir el rechazo del biber\u00f3n y los problemas de confusi\u00f3n del pez\u00f3n.  La tetina de silicona s\u00faper suave tiene la misma forma que la tetina de lactancia de mam\u00e1 para un ajuste familiar.\" \/>\n<meta property=\"og:url\" content=\"https:\/\/chicco.life\/sv\/product\/biberon-wb-col-pp-grl-330-fast-sil\/\" \/>\n<meta property=\"og:site_name\" content=\"Chicco\" \/>\n<meta property=\"article:modified_time\" content=\"2025-08-25T16:15:10+00:00\" \/>\n<meta property=\"og:image\" content=\"https:\/\/chicco.life\/sv\/wp-content\/uploads\/2021\/05\/biberon-wb-col-pp-grl-330-fast-sil.jpg\" \/>\n\t<meta property=\"og:image:width\" content=\"600\" \/>\n\t<meta property=\"og:image:height\" content=\"600\" \/>\n\t<meta property=\"og:image:type\" content=\"image\/jpeg\" \/>\n<meta name=\"twitter:card\" content=\"summary_large_image\" \/>\n<script type=\"application\/ld+json\" class=\"yoast-schema-graph\">{\"@context\":\"https:\/\/schema.org\",\"@graph\":[{\"@type\":\"WebPage\",\"@id\":\"https:\/\/chicco.life\/sv\/product\/biberon-wb-col-pp-grl-330-fast-sil\/\",\"url\":\"https:\/\/chicco.life\/sv\/product\/biberon-wb-col-pp-grl-330-fast-sil\/\",\"name\":\"BIBERON FISIO WB 330ML AZUL - Chicco\",\"isPartOf\":{\"@id\":\"https:\/\/chicco.life\/sv\/#website\"},\"primaryImageOfPage\":{\"@id\":\"https:\/\/chicco.life\/sv\/product\/biberon-wb-col-pp-grl-330-fast-sil\/#primaryimage\"},\"image\":{\"@id\":\"https:\/\/chicco.life\/sv\/product\/biberon-wb-col-pp-grl-330-fast-sil\/#primaryimage\"},\"thumbnailUrl\":\"https:\/\/chicco.life\/sv\/wp-content\/uploads\/2021\/05\/biberon-wb-col-pp-grl-330-fast-sil.jpg\",\"datePublished\":\"2021-05-21T19:42:18+00:00\",\"dateModified\":\"2025-08-25T16:15:10+00:00\",\"breadcrumb\":{\"@id\":\"https:\/\/chicco.life\/sv\/product\/biberon-wb-col-pp-grl-330-fast-sil\/#breadcrumb\"},\"inLanguage\":\"es\",\"potentialAction\":[{\"@type\":\"ReadAction\",\"target\":[\"https:\/\/chicco.life\/sv\/product\/biberon-wb-col-pp-grl-330-fast-sil\/\"]}]},{\"@type\":\"ImageObject\",\"inLanguage\":\"es\",\"@id\":\"https:\/\/chicco.life\/sv\/product\/biberon-wb-col-pp-grl-330-fast-sil\/#primaryimage\",\"url\":\"https:\/\/chicco.life\/sv\/wp-content\/uploads\/2021\/05\/biberon-wb-col-pp-grl-330-fast-sil.jpg\",\"contentUrl\":\"https:\/\/chicco.life\/sv\/wp-content\/uploads\/2021\/05\/biberon-wb-col-pp-grl-330-fast-sil.jpg\",\"width\":600,\"height\":600},{\"@type\":\"BreadcrumbList\",\"@id\":\"https:\/\/chicco.life\/sv\/product\/biberon-wb-col-pp-grl-330-fast-sil\/#breadcrumb\",\"itemListElement\":[{\"@type\":\"ListItem\",\"position\":1,\"name\":\"Portada\",\"item\":\"https:\/\/chicco.life\/sv\/\"},{\"@type\":\"ListItem\",\"position\":2,\"name\":\"BIBERON FISIO WB 330ML AZUL\"}]},{\"@type\":\"WebSite\",\"@id\":\"https:\/\/chicco.life\/sv\/#website\",\"url\":\"https:\/\/chicco.life\/sv\/\",\"name\":\"Chicco\",\"description\":\"Crecemos Juntos\",\"publisher\":{\"@id\":\"https:\/\/chicco.life\/sv\/#organization\"},\"potentialAction\":[{\"@type\":\"SearchAction\",\"target\":{\"@type\":\"EntryPoint\",\"urlTemplate\":\"https:\/\/chicco.life\/sv\/?s={search_term_string}\"},\"query-input\":{\"@type\":\"PropertyValueSpecification\",\"valueRequired\":true,\"valueName\":\"search_term_string\"}}],\"inLanguage\":\"es\"},{\"@type\":\"Organization\",\"@id\":\"https:\/\/chicco.life\/sv\/#organization\",\"name\":\"Chicco\",\"url\":\"https:\/\/chicco.life\/sv\/\",\"logo\":{\"@type\":\"ImageObject\",\"inLanguage\":\"es\",\"@id\":\"https:\/\/chicco.life\/sv\/#\/schema\/logo\/image\/\",\"url\":\"https:\/\/chicco.life\/sv\/wp-content\/uploads\/2021\/10\/main_logo-1.png\",\"contentUrl\":\"https:\/\/chicco.life\/sv\/wp-content\/uploads\/2021\/10\/main_logo-1.png\",\"width\":400,\"height\":220,\"caption\":\"Chicco\"},\"image\":{\"@id\":\"https:\/\/chicco.life\/sv\/#\/schema\/logo\/image\/\"}}]}<\/script>\n<!-- \/ Yoast SEO plugin. -->","yoast_head_json":{"title":"BIBERON FISIO WB 330ML AZUL - Chicco","robots":{"index":"index","follow":"follow","max-snippet":"max-snippet:-1","max-image-preview":"max-image-preview:large","max-video-preview":"max-video-preview:-1"},"canonical":"https:\/\/chicco.life\/sv\/product\/biberon-wb-col-pp-grl-330-fast-sil\/","og_locale":"es_ES","og_type":"article","og_title":"BIBERON FISIO WB 330ML AZUL - Chicco","og_description":"La v\u00e1lvula antic\u00f3licos evita la ingesti\u00f3n de aire, lo que reduce el riesgo de c\u00f3licos despu\u00e9s de la alimentaci\u00f3n.  Dise\u00f1ado para imitar m\u00e1s de cerca la lactancia materna para reducir el rechazo del biber\u00f3n y los problemas de confusi\u00f3n del pez\u00f3n.  La tetina de silicona s\u00faper suave tiene la misma forma que la tetina de lactancia de mam\u00e1 para un ajuste familiar.","og_url":"https:\/\/chicco.life\/sv\/product\/biberon-wb-col-pp-grl-330-fast-sil\/","og_site_name":"Chicco","article_modified_time":"2025-08-25T16:15:10+00:00","og_image":[{"width":600,"height":600,"url":"https:\/\/chicco.life\/sv\/wp-content\/uploads\/2021\/05\/biberon-wb-col-pp-grl-330-fast-sil.jpg","type":"image\/jpeg"}],"twitter_card":"summary_large_image","schema":{"@context":"https:\/\/schema.org","@graph":[{"@type":"WebPage","@id":"https:\/\/chicco.life\/sv\/product\/biberon-wb-col-pp-grl-330-fast-sil\/","url":"https:\/\/chicco.life\/sv\/product\/biberon-wb-col-pp-grl-330-fast-sil\/","name":"BIBERON FISIO WB 330ML AZUL - Chicco","isPartOf":{"@id":"https:\/\/chicco.life\/sv\/#website"},"primaryImageOfPage":{"@id":"https:\/\/chicco.life\/sv\/product\/biberon-wb-col-pp-grl-330-fast-sil\/#primaryimage"},"image":{"@id":"https:\/\/chicco.life\/sv\/product\/biberon-wb-col-pp-grl-330-fast-sil\/#primaryimage"},"thumbnailUrl":"https:\/\/chicco.life\/sv\/wp-content\/uploads\/2021\/05\/biberon-wb-col-pp-grl-330-fast-sil.jpg","datePublished":"2021-05-21T19:42:18+00:00","dateModified":"2025-08-25T16:15:10+00:00","breadcrumb":{"@id":"https:\/\/chicco.life\/sv\/product\/biberon-wb-col-pp-grl-330-fast-sil\/#breadcrumb"},"inLanguage":"es","potentialAction":[{"@type":"ReadAction","target":["https:\/\/chicco.life\/sv\/product\/biberon-wb-col-pp-grl-330-fast-sil\/"]}]},{"@type":"ImageObject","inLanguage":"es","@id":"https:\/\/chicco.life\/sv\/product\/biberon-wb-col-pp-grl-330-fast-sil\/#primaryimage","url":"https:\/\/chicco.life\/sv\/wp-content\/uploads\/2021\/05\/biberon-wb-col-pp-grl-330-fast-sil.jpg","contentUrl":"https:\/\/chicco.life\/sv\/wp-content\/uploads\/2021\/05\/biberon-wb-col-pp-grl-330-fast-sil.jpg","width":600,"height":600},{"@type":"BreadcrumbList","@id":"https:\/\/chicco.life\/sv\/product\/biberon-wb-col-pp-grl-330-fast-sil\/#breadcrumb","itemListElement":[{"@type":"ListItem","position":1,"name":"Portada","item":"https:\/\/chicco.life\/sv\/"},{"@type":"ListItem","position":2,"name":"BIBERON FISIO WB 330ML AZUL"}]},{"@type":"WebSite","@id":"https:\/\/chicco.life\/sv\/#website","url":"https:\/\/chicco.life\/sv\/","name":"Chicco","description":"Crecemos Juntos","publisher":{"@id":"https:\/\/chicco.life\/sv\/#organization"},"potentialAction":[{"@type":"SearchAction","target":{"@type":"EntryPoint","urlTemplate":"https:\/\/chicco.life\/sv\/?s={search_term_string}"},"query-input":{"@type":"PropertyValueSpecification","valueRequired":true,"valueName":"search_term_string"}}],"inLanguage":"es"},{"@type":"Organization","@id":"https:\/\/chicco.life\/sv\/#organization","name":"Chicco","url":"https:\/\/chicco.life\/sv\/","logo":{"@type":"ImageObject","inLanguage":"es","@id":"https:\/\/chicco.life\/sv\/#\/schema\/logo\/image\/","url":"https:\/\/chicco.life\/sv\/wp-content\/uploads\/2021\/10\/main_logo-1.png","contentUrl":"https:\/\/chicco.life\/sv\/wp-content\/uploads\/2021\/10\/main_logo-1.png","width":400,"height":220,"caption":"Chicco"},"image":{"@id":"https:\/\/chicco.life\/sv\/#\/schema\/logo\/image\/"}}]}},"_links":{"self":[{"href":"https:\/\/chicco.life\/sv\/wp-json\/wp\/v2\/product\/26975","targetHints":{"allow":["GET"]}}],"collection":[{"href":"https:\/\/chicco.life\/sv\/wp-json\/wp\/v2\/product"}],"about":[{"href":"https:\/\/chicco.life\/sv\/wp-json\/wp\/v2\/types\/product"}],"replies":[{"embeddable":true,"href":"https:\/\/chicco.life\/sv\/wp-json\/wp\/v2\/comments?post=26975"}],"wp:featuredmedia":[{"embeddable":true,"href":"https:\/\/chicco.life\/sv\/wp-json\/wp\/v2\/media\/27235"}],"wp:attachment":[{"href":"https:\/\/chicco.life\/sv\/wp-json\/wp\/v2\/media?parent=26975"}],"wp:term":[{"taxonomy":"product_brand","embeddable":true,"href":"https:\/\/chicco.life\/sv\/wp-json\/wp\/v2\/product_brand?post=26975"},{"taxonomy":"product_cat","embeddable":true,"href":"https:\/\/chicco.life\/sv\/wp-json\/wp\/v2\/product_cat?post=26975"},{"taxonomy":"product_tag","embeddable":true,"href":"https:\/\/chicco.life\/sv\/wp-json\/wp\/v2\/product_tag?post=26975"}],"curies":[{"name":"wp","href":"https:\/\/api.w.org\/{rel}","templated":true}]}}