{"id":26985,"date":"2021-05-21T19:56:08","date_gmt":"2021-05-21T19:56:08","guid":{"rendered":"https:\/\/chicco.life\/sv\/?post_type=product&#038;p=26985"},"modified":"2025-12-10T14:49:41","modified_gmt":"2025-12-10T20:49:41","slug":"body-lotion-500ml-baby-moments-pack-1-2","status":"publish","type":"product","link":"https:\/\/chicco.life\/sv\/product\/body-lotion-500ml-baby-moments-pack-1-2\/","title":{"rendered":"CREMA CORPORAL 500ML BABY MOMENT"},"content":{"rendered":"","protected":false},"excerpt":{"rendered":"<p>Contiene aceite de almendras dulces natural para hidratar la piel de los ni\u00f1os, buenas propiedades amigables con la piel, r\u00e1pida absorci\u00f3n sin grasa, una variedad de ingredientes hidratantes para prevenir la piel seca, calmar las molestias, reponer la humedad de la piel y prevenir la p\u00e9rdida de humedad.<\/p>\n","protected":false},"featured_media":28215,"comment_status":"open","ping_status":"closed","template":"","meta":{"_acf_changed":false},"product_brand":[],"product_cat":[165],"product_tag":[],"class_list":{"0":"post-26985","1":"product","2":"type-product","3":"status-publish","4":"has-post-thumbnail","6":"product_cat-cosmetica","8":"first","9":"instock","10":"shipping-taxable","11":"purchasable","12":"product-type-simple"},"acf":[],"yoast_head":"<!-- This site is optimized with the Yoast SEO plugin v25.8 - https:\/\/yoast.com\/wordpress\/plugins\/seo\/ -->\n<title>CREMA CORPORAL 500ML BABY MOMENT - Chicco<\/title>\n<meta name=\"robots\" content=\"index, follow, max-snippet:-1, max-image-preview:large, max-video-preview:-1\" \/>\n<link rel=\"canonical\" href=\"https:\/\/chicco.life\/sv\/product\/body-lotion-500ml-baby-moments-pack-1-2\/\" \/>\n<meta property=\"og:locale\" content=\"es_ES\" \/>\n<meta property=\"og:type\" content=\"article\" \/>\n<meta property=\"og:title\" content=\"CREMA CORPORAL 500ML BABY MOMENT - Chicco\" \/>\n<meta property=\"og:description\" content=\"Contiene aceite de almendras dulces natural para hidratar la piel de los ni\u00f1os, buenas propiedades amigables con la piel, r\u00e1pida absorci\u00f3n sin grasa, una variedad de ingredientes hidratantes para prevenir la piel seca, calmar las molestias, reponer la humedad de la piel y prevenir la p\u00e9rdida de humedad.\" \/>\n<meta property=\"og:url\" content=\"https:\/\/chicco.life\/sv\/product\/body-lotion-500ml-baby-moments-pack-1-2\/\" \/>\n<meta property=\"og:site_name\" content=\"Chicco\" \/>\n<meta property=\"article:modified_time\" content=\"2025-12-10T20:49:41+00:00\" \/>\n<meta property=\"og:image\" content=\"https:\/\/chicco.life\/sv\/wp-content\/uploads\/2022\/03\/body-lotion-chicco2.jpg\" \/>\n\t<meta property=\"og:image:width\" content=\"894\" \/>\n\t<meta property=\"og:image:height\" content=\"894\" \/>\n\t<meta property=\"og:image:type\" content=\"image\/jpeg\" \/>\n<meta name=\"twitter:card\" content=\"summary_large_image\" \/>\n<meta name=\"twitter:label1\" content=\"Tiempo de lectura\" \/>\n\t<meta name=\"twitter:data1\" content=\"1 minuto\" \/>\n<script type=\"application\/ld+json\" class=\"yoast-schema-graph\">{\"@context\":\"https:\/\/schema.org\",\"@graph\":[{\"@type\":\"WebPage\",\"@id\":\"https:\/\/chicco.life\/sv\/product\/body-lotion-500ml-baby-moments-pack-1-2\/\",\"url\":\"https:\/\/chicco.life\/sv\/product\/body-lotion-500ml-baby-moments-pack-1-2\/\",\"name\":\"CREMA CORPORAL 500ML BABY MOMENT - Chicco\",\"isPartOf\":{\"@id\":\"https:\/\/chicco.life\/sv\/#website\"},\"primaryImageOfPage\":{\"@id\":\"https:\/\/chicco.life\/sv\/product\/body-lotion-500ml-baby-moments-pack-1-2\/#primaryimage\"},\"image\":{\"@id\":\"https:\/\/chicco.life\/sv\/product\/body-lotion-500ml-baby-moments-pack-1-2\/#primaryimage\"},\"thumbnailUrl\":\"https:\/\/chicco.life\/sv\/wp-content\/uploads\/2022\/03\/body-lotion-chicco2.jpg\",\"datePublished\":\"2021-05-21T19:56:08+00:00\",\"dateModified\":\"2025-12-10T20:49:41+00:00\",\"breadcrumb\":{\"@id\":\"https:\/\/chicco.life\/sv\/product\/body-lotion-500ml-baby-moments-pack-1-2\/#breadcrumb\"},\"inLanguage\":\"es\",\"potentialAction\":[{\"@type\":\"ReadAction\",\"target\":[\"https:\/\/chicco.life\/sv\/product\/body-lotion-500ml-baby-moments-pack-1-2\/\"]}]},{\"@type\":\"ImageObject\",\"inLanguage\":\"es\",\"@id\":\"https:\/\/chicco.life\/sv\/product\/body-lotion-500ml-baby-moments-pack-1-2\/#primaryimage\",\"url\":\"https:\/\/chicco.life\/sv\/wp-content\/uploads\/2022\/03\/body-lotion-chicco2.jpg\",\"contentUrl\":\"https:\/\/chicco.life\/sv\/wp-content\/uploads\/2022\/03\/body-lotion-chicco2.jpg\",\"width\":894,\"height\":894},{\"@type\":\"BreadcrumbList\",\"@id\":\"https:\/\/chicco.life\/sv\/product\/body-lotion-500ml-baby-moments-pack-1-2\/#breadcrumb\",\"itemListElement\":[{\"@type\":\"ListItem\",\"position\":1,\"name\":\"Portada\",\"item\":\"https:\/\/chicco.life\/sv\/\"},{\"@type\":\"ListItem\",\"position\":2,\"name\":\"CREMA CORPORAL 500ML BABY MOMENT\"}]},{\"@type\":\"WebSite\",\"@id\":\"https:\/\/chicco.life\/sv\/#website\",\"url\":\"https:\/\/chicco.life\/sv\/\",\"name\":\"Chicco\",\"description\":\"Crecemos Juntos\",\"publisher\":{\"@id\":\"https:\/\/chicco.life\/sv\/#organization\"},\"potentialAction\":[{\"@type\":\"SearchAction\",\"target\":{\"@type\":\"EntryPoint\",\"urlTemplate\":\"https:\/\/chicco.life\/sv\/?s={search_term_string}\"},\"query-input\":{\"@type\":\"PropertyValueSpecification\",\"valueRequired\":true,\"valueName\":\"search_term_string\"}}],\"inLanguage\":\"es\"},{\"@type\":\"Organization\",\"@id\":\"https:\/\/chicco.life\/sv\/#organization\",\"name\":\"Chicco\",\"url\":\"https:\/\/chicco.life\/sv\/\",\"logo\":{\"@type\":\"ImageObject\",\"inLanguage\":\"es\",\"@id\":\"https:\/\/chicco.life\/sv\/#\/schema\/logo\/image\/\",\"url\":\"https:\/\/chicco.life\/sv\/wp-content\/uploads\/2021\/10\/main_logo-1.png\",\"contentUrl\":\"https:\/\/chicco.life\/sv\/wp-content\/uploads\/2021\/10\/main_logo-1.png\",\"width\":400,\"height\":220,\"caption\":\"Chicco\"},\"image\":{\"@id\":\"https:\/\/chicco.life\/sv\/#\/schema\/logo\/image\/\"}}]}<\/script>\n<!-- \/ Yoast SEO plugin. -->","yoast_head_json":{"title":"CREMA CORPORAL 500ML BABY MOMENT - Chicco","robots":{"index":"index","follow":"follow","max-snippet":"max-snippet:-1","max-image-preview":"max-image-preview:large","max-video-preview":"max-video-preview:-1"},"canonical":"https:\/\/chicco.life\/sv\/product\/body-lotion-500ml-baby-moments-pack-1-2\/","og_locale":"es_ES","og_type":"article","og_title":"CREMA CORPORAL 500ML BABY MOMENT - Chicco","og_description":"Contiene aceite de almendras dulces natural para hidratar la piel de los ni\u00f1os, buenas propiedades amigables con la piel, r\u00e1pida absorci\u00f3n sin grasa, una variedad de ingredientes hidratantes para prevenir la piel seca, calmar las molestias, reponer la humedad de la piel y prevenir la p\u00e9rdida de humedad.","og_url":"https:\/\/chicco.life\/sv\/product\/body-lotion-500ml-baby-moments-pack-1-2\/","og_site_name":"Chicco","article_modified_time":"2025-12-10T20:49:41+00:00","og_image":[{"width":894,"height":894,"url":"https:\/\/chicco.life\/sv\/wp-content\/uploads\/2022\/03\/body-lotion-chicco2.jpg","type":"image\/jpeg"}],"twitter_card":"summary_large_image","twitter_misc":{"Tiempo de lectura":"1 minuto"},"schema":{"@context":"https:\/\/schema.org","@graph":[{"@type":"WebPage","@id":"https:\/\/chicco.life\/sv\/product\/body-lotion-500ml-baby-moments-pack-1-2\/","url":"https:\/\/chicco.life\/sv\/product\/body-lotion-500ml-baby-moments-pack-1-2\/","name":"CREMA CORPORAL 500ML BABY MOMENT - Chicco","isPartOf":{"@id":"https:\/\/chicco.life\/sv\/#website"},"primaryImageOfPage":{"@id":"https:\/\/chicco.life\/sv\/product\/body-lotion-500ml-baby-moments-pack-1-2\/#primaryimage"},"image":{"@id":"https:\/\/chicco.life\/sv\/product\/body-lotion-500ml-baby-moments-pack-1-2\/#primaryimage"},"thumbnailUrl":"https:\/\/chicco.life\/sv\/wp-content\/uploads\/2022\/03\/body-lotion-chicco2.jpg","datePublished":"2021-05-21T19:56:08+00:00","dateModified":"2025-12-10T20:49:41+00:00","breadcrumb":{"@id":"https:\/\/chicco.life\/sv\/product\/body-lotion-500ml-baby-moments-pack-1-2\/#breadcrumb"},"inLanguage":"es","potentialAction":[{"@type":"ReadAction","target":["https:\/\/chicco.life\/sv\/product\/body-lotion-500ml-baby-moments-pack-1-2\/"]}]},{"@type":"ImageObject","inLanguage":"es","@id":"https:\/\/chicco.life\/sv\/product\/body-lotion-500ml-baby-moments-pack-1-2\/#primaryimage","url":"https:\/\/chicco.life\/sv\/wp-content\/uploads\/2022\/03\/body-lotion-chicco2.jpg","contentUrl":"https:\/\/chicco.life\/sv\/wp-content\/uploads\/2022\/03\/body-lotion-chicco2.jpg","width":894,"height":894},{"@type":"BreadcrumbList","@id":"https:\/\/chicco.life\/sv\/product\/body-lotion-500ml-baby-moments-pack-1-2\/#breadcrumb","itemListElement":[{"@type":"ListItem","position":1,"name":"Portada","item":"https:\/\/chicco.life\/sv\/"},{"@type":"ListItem","position":2,"name":"CREMA CORPORAL 500ML BABY MOMENT"}]},{"@type":"WebSite","@id":"https:\/\/chicco.life\/sv\/#website","url":"https:\/\/chicco.life\/sv\/","name":"Chicco","description":"Crecemos Juntos","publisher":{"@id":"https:\/\/chicco.life\/sv\/#organization"},"potentialAction":[{"@type":"SearchAction","target":{"@type":"EntryPoint","urlTemplate":"https:\/\/chicco.life\/sv\/?s={search_term_string}"},"query-input":{"@type":"PropertyValueSpecification","valueRequired":true,"valueName":"search_term_string"}}],"inLanguage":"es"},{"@type":"Organization","@id":"https:\/\/chicco.life\/sv\/#organization","name":"Chicco","url":"https:\/\/chicco.life\/sv\/","logo":{"@type":"ImageObject","inLanguage":"es","@id":"https:\/\/chicco.life\/sv\/#\/schema\/logo\/image\/","url":"https:\/\/chicco.life\/sv\/wp-content\/uploads\/2021\/10\/main_logo-1.png","contentUrl":"https:\/\/chicco.life\/sv\/wp-content\/uploads\/2021\/10\/main_logo-1.png","width":400,"height":220,"caption":"Chicco"},"image":{"@id":"https:\/\/chicco.life\/sv\/#\/schema\/logo\/image\/"}}]}},"_links":{"self":[{"href":"https:\/\/chicco.life\/sv\/wp-json\/wp\/v2\/product\/26985","targetHints":{"allow":["GET"]}}],"collection":[{"href":"https:\/\/chicco.life\/sv\/wp-json\/wp\/v2\/product"}],"about":[{"href":"https:\/\/chicco.life\/sv\/wp-json\/wp\/v2\/types\/product"}],"replies":[{"embeddable":true,"href":"https:\/\/chicco.life\/sv\/wp-json\/wp\/v2\/comments?post=26985"}],"wp:featuredmedia":[{"embeddable":true,"href":"https:\/\/chicco.life\/sv\/wp-json\/wp\/v2\/media\/28215"}],"wp:attachment":[{"href":"https:\/\/chicco.life\/sv\/wp-json\/wp\/v2\/media?parent=26985"}],"wp:term":[{"taxonomy":"product_brand","embeddable":true,"href":"https:\/\/chicco.life\/sv\/wp-json\/wp\/v2\/product_brand?post=26985"},{"taxonomy":"product_cat","embeddable":true,"href":"https:\/\/chicco.life\/sv\/wp-json\/wp\/v2\/product_cat?post=26985"},{"taxonomy":"product_tag","embeddable":true,"href":"https:\/\/chicco.life\/sv\/wp-json\/wp\/v2\/product_tag?post=26985"}],"curies":[{"name":"wp","href":"https:\/\/api.w.org\/{rel}","templated":true}]}}