{"id":27052,"date":"2021-05-21T21:29:30","date_gmt":"2021-05-21T21:29:30","guid":{"rendered":"https:\/\/chicco.life\/sv\/?post_type=product&#038;p=27052"},"modified":"2025-08-08T09:49:35","modified_gmt":"2025-08-08T15:49:35","slug":"banera","status":"publish","type":"product","link":"https:\/\/chicco.life\/sv\/product\/banera\/","title":{"rendered":"BA\u00d1ERA"},"content":{"rendered":"","protected":false},"excerpt":{"rendered":"<ul>\n<li>La ba\u00f1era Chicco ha sido dise\u00f1ada para el ba\u00f1o del beb\u00e9 y es ideal desde los primeros d\u00edas de su vida hasta el a\u00f1o de edad.<\/li>\n<li>El tap\u00f3n de seguridad evita que el beb\u00e9 se deslice hacia el agua. Tiene tap\u00f3n incorporado para facilitar el drenaje y dos lugares para jab\u00f3n, esponjas u otros accesorios. Es f\u00e1cil de limpiar y no es voluminoso (dimensiones: 46 * 86 * 22 cm).<\/li>\n<li>Hay dos posiciones de lavado.<\/li>\n<\/ul>\n","protected":false},"featured_media":27283,"comment_status":"open","ping_status":"closed","template":"","meta":{"_acf_changed":false},"product_brand":[],"product_cat":[184],"product_tag":[],"class_list":{"0":"post-27052","1":"product","2":"type-product","3":"status-publish","4":"has-post-thumbnail","6":"product_cat-muebles-dentro-de-casa","8":"first","9":"instock","10":"shipping-taxable","11":"purchasable","12":"product-type-simple"},"acf":[],"yoast_head":"<!-- This site is optimized with the Yoast SEO plugin v25.8 - https:\/\/yoast.com\/wordpress\/plugins\/seo\/ -->\n<title>BA\u00d1ERA - Chicco<\/title>\n<meta name=\"robots\" content=\"index, follow, max-snippet:-1, max-image-preview:large, max-video-preview:-1\" \/>\n<link rel=\"canonical\" href=\"https:\/\/chicco.life\/sv\/product\/banera\/\" \/>\n<meta property=\"og:locale\" content=\"es_ES\" \/>\n<meta property=\"og:type\" content=\"article\" \/>\n<meta property=\"og:title\" content=\"BA\u00d1ERA - Chicco\" \/>\n<meta property=\"og:description\" content=\"La ba\u00f1era Chicco ha sido dise\u00f1ada para el ba\u00f1o del beb\u00e9 y es ideal desde los primeros d\u00edas de su vida hasta el a\u00f1o de edad.  El tap\u00f3n de seguridad evita que el beb\u00e9 se deslice hacia el agua. Tiene tap\u00f3n incorporado para facilitar el drenaje y dos lugares para jab\u00f3n, esponjas u otros accesorios. Es f\u00e1cil de limpiar y no es voluminoso (dimensiones: 46 * 86 * 22 cm).  Hay dos posiciones de lavado.\" \/>\n<meta property=\"og:url\" content=\"https:\/\/chicco.life\/sv\/product\/banera\/\" \/>\n<meta property=\"og:site_name\" content=\"Chicco\" \/>\n<meta property=\"article:modified_time\" content=\"2025-08-08T15:49:35+00:00\" \/>\n<meta property=\"og:image\" content=\"https:\/\/chicco.life\/sv\/wp-content\/uploads\/2021\/05\/tub.jpg\" \/>\n\t<meta property=\"og:image:width\" content=\"600\" \/>\n\t<meta property=\"og:image:height\" content=\"600\" \/>\n\t<meta property=\"og:image:type\" content=\"image\/jpeg\" \/>\n<meta name=\"twitter:card\" content=\"summary_large_image\" \/>\n<script type=\"application\/ld+json\" class=\"yoast-schema-graph\">{\"@context\":\"https:\/\/schema.org\",\"@graph\":[{\"@type\":\"WebPage\",\"@id\":\"https:\/\/chicco.life\/sv\/product\/banera\/\",\"url\":\"https:\/\/chicco.life\/sv\/product\/banera\/\",\"name\":\"BA\u00d1ERA - Chicco\",\"isPartOf\":{\"@id\":\"https:\/\/chicco.life\/sv\/#website\"},\"primaryImageOfPage\":{\"@id\":\"https:\/\/chicco.life\/sv\/product\/banera\/#primaryimage\"},\"image\":{\"@id\":\"https:\/\/chicco.life\/sv\/product\/banera\/#primaryimage\"},\"thumbnailUrl\":\"https:\/\/chicco.life\/sv\/wp-content\/uploads\/2021\/05\/tub.jpg\",\"datePublished\":\"2021-05-21T21:29:30+00:00\",\"dateModified\":\"2025-08-08T15:49:35+00:00\",\"breadcrumb\":{\"@id\":\"https:\/\/chicco.life\/sv\/product\/banera\/#breadcrumb\"},\"inLanguage\":\"es\",\"potentialAction\":[{\"@type\":\"ReadAction\",\"target\":[\"https:\/\/chicco.life\/sv\/product\/banera\/\"]}]},{\"@type\":\"ImageObject\",\"inLanguage\":\"es\",\"@id\":\"https:\/\/chicco.life\/sv\/product\/banera\/#primaryimage\",\"url\":\"https:\/\/chicco.life\/sv\/wp-content\/uploads\/2021\/05\/tub.jpg\",\"contentUrl\":\"https:\/\/chicco.life\/sv\/wp-content\/uploads\/2021\/05\/tub.jpg\",\"width\":600,\"height\":600},{\"@type\":\"BreadcrumbList\",\"@id\":\"https:\/\/chicco.life\/sv\/product\/banera\/#breadcrumb\",\"itemListElement\":[{\"@type\":\"ListItem\",\"position\":1,\"name\":\"Portada\",\"item\":\"https:\/\/chicco.life\/sv\/\"},{\"@type\":\"ListItem\",\"position\":2,\"name\":\"BA\u00d1ERA\"}]},{\"@type\":\"WebSite\",\"@id\":\"https:\/\/chicco.life\/sv\/#website\",\"url\":\"https:\/\/chicco.life\/sv\/\",\"name\":\"Chicco\",\"description\":\"Crecemos Juntos\",\"publisher\":{\"@id\":\"https:\/\/chicco.life\/sv\/#organization\"},\"potentialAction\":[{\"@type\":\"SearchAction\",\"target\":{\"@type\":\"EntryPoint\",\"urlTemplate\":\"https:\/\/chicco.life\/sv\/?s={search_term_string}\"},\"query-input\":{\"@type\":\"PropertyValueSpecification\",\"valueRequired\":true,\"valueName\":\"search_term_string\"}}],\"inLanguage\":\"es\"},{\"@type\":\"Organization\",\"@id\":\"https:\/\/chicco.life\/sv\/#organization\",\"name\":\"Chicco\",\"url\":\"https:\/\/chicco.life\/sv\/\",\"logo\":{\"@type\":\"ImageObject\",\"inLanguage\":\"es\",\"@id\":\"https:\/\/chicco.life\/sv\/#\/schema\/logo\/image\/\",\"url\":\"https:\/\/chicco.life\/sv\/wp-content\/uploads\/2021\/10\/main_logo-1.png\",\"contentUrl\":\"https:\/\/chicco.life\/sv\/wp-content\/uploads\/2021\/10\/main_logo-1.png\",\"width\":400,\"height\":220,\"caption\":\"Chicco\"},\"image\":{\"@id\":\"https:\/\/chicco.life\/sv\/#\/schema\/logo\/image\/\"}}]}<\/script>\n<!-- \/ Yoast SEO plugin. -->","yoast_head_json":{"title":"BA\u00d1ERA - Chicco","robots":{"index":"index","follow":"follow","max-snippet":"max-snippet:-1","max-image-preview":"max-image-preview:large","max-video-preview":"max-video-preview:-1"},"canonical":"https:\/\/chicco.life\/sv\/product\/banera\/","og_locale":"es_ES","og_type":"article","og_title":"BA\u00d1ERA - Chicco","og_description":"La ba\u00f1era Chicco ha sido dise\u00f1ada para el ba\u00f1o del beb\u00e9 y es ideal desde los primeros d\u00edas de su vida hasta el a\u00f1o de edad.  El tap\u00f3n de seguridad evita que el beb\u00e9 se deslice hacia el agua. Tiene tap\u00f3n incorporado para facilitar el drenaje y dos lugares para jab\u00f3n, esponjas u otros accesorios. Es f\u00e1cil de limpiar y no es voluminoso (dimensiones: 46 * 86 * 22 cm).  Hay dos posiciones de lavado.","og_url":"https:\/\/chicco.life\/sv\/product\/banera\/","og_site_name":"Chicco","article_modified_time":"2025-08-08T15:49:35+00:00","og_image":[{"width":600,"height":600,"url":"https:\/\/chicco.life\/sv\/wp-content\/uploads\/2021\/05\/tub.jpg","type":"image\/jpeg"}],"twitter_card":"summary_large_image","schema":{"@context":"https:\/\/schema.org","@graph":[{"@type":"WebPage","@id":"https:\/\/chicco.life\/sv\/product\/banera\/","url":"https:\/\/chicco.life\/sv\/product\/banera\/","name":"BA\u00d1ERA - Chicco","isPartOf":{"@id":"https:\/\/chicco.life\/sv\/#website"},"primaryImageOfPage":{"@id":"https:\/\/chicco.life\/sv\/product\/banera\/#primaryimage"},"image":{"@id":"https:\/\/chicco.life\/sv\/product\/banera\/#primaryimage"},"thumbnailUrl":"https:\/\/chicco.life\/sv\/wp-content\/uploads\/2021\/05\/tub.jpg","datePublished":"2021-05-21T21:29:30+00:00","dateModified":"2025-08-08T15:49:35+00:00","breadcrumb":{"@id":"https:\/\/chicco.life\/sv\/product\/banera\/#breadcrumb"},"inLanguage":"es","potentialAction":[{"@type":"ReadAction","target":["https:\/\/chicco.life\/sv\/product\/banera\/"]}]},{"@type":"ImageObject","inLanguage":"es","@id":"https:\/\/chicco.life\/sv\/product\/banera\/#primaryimage","url":"https:\/\/chicco.life\/sv\/wp-content\/uploads\/2021\/05\/tub.jpg","contentUrl":"https:\/\/chicco.life\/sv\/wp-content\/uploads\/2021\/05\/tub.jpg","width":600,"height":600},{"@type":"BreadcrumbList","@id":"https:\/\/chicco.life\/sv\/product\/banera\/#breadcrumb","itemListElement":[{"@type":"ListItem","position":1,"name":"Portada","item":"https:\/\/chicco.life\/sv\/"},{"@type":"ListItem","position":2,"name":"BA\u00d1ERA"}]},{"@type":"WebSite","@id":"https:\/\/chicco.life\/sv\/#website","url":"https:\/\/chicco.life\/sv\/","name":"Chicco","description":"Crecemos Juntos","publisher":{"@id":"https:\/\/chicco.life\/sv\/#organization"},"potentialAction":[{"@type":"SearchAction","target":{"@type":"EntryPoint","urlTemplate":"https:\/\/chicco.life\/sv\/?s={search_term_string}"},"query-input":{"@type":"PropertyValueSpecification","valueRequired":true,"valueName":"search_term_string"}}],"inLanguage":"es"},{"@type":"Organization","@id":"https:\/\/chicco.life\/sv\/#organization","name":"Chicco","url":"https:\/\/chicco.life\/sv\/","logo":{"@type":"ImageObject","inLanguage":"es","@id":"https:\/\/chicco.life\/sv\/#\/schema\/logo\/image\/","url":"https:\/\/chicco.life\/sv\/wp-content\/uploads\/2021\/10\/main_logo-1.png","contentUrl":"https:\/\/chicco.life\/sv\/wp-content\/uploads\/2021\/10\/main_logo-1.png","width":400,"height":220,"caption":"Chicco"},"image":{"@id":"https:\/\/chicco.life\/sv\/#\/schema\/logo\/image\/"}}]}},"_links":{"self":[{"href":"https:\/\/chicco.life\/sv\/wp-json\/wp\/v2\/product\/27052","targetHints":{"allow":["GET"]}}],"collection":[{"href":"https:\/\/chicco.life\/sv\/wp-json\/wp\/v2\/product"}],"about":[{"href":"https:\/\/chicco.life\/sv\/wp-json\/wp\/v2\/types\/product"}],"replies":[{"embeddable":true,"href":"https:\/\/chicco.life\/sv\/wp-json\/wp\/v2\/comments?post=27052"}],"wp:featuredmedia":[{"embeddable":true,"href":"https:\/\/chicco.life\/sv\/wp-json\/wp\/v2\/media\/27283"}],"wp:attachment":[{"href":"https:\/\/chicco.life\/sv\/wp-json\/wp\/v2\/media?parent=27052"}],"wp:term":[{"taxonomy":"product_brand","embeddable":true,"href":"https:\/\/chicco.life\/sv\/wp-json\/wp\/v2\/product_brand?post=27052"},{"taxonomy":"product_cat","embeddable":true,"href":"https:\/\/chicco.life\/sv\/wp-json\/wp\/v2\/product_cat?post=27052"},{"taxonomy":"product_tag","embeddable":true,"href":"https:\/\/chicco.life\/sv\/wp-json\/wp\/v2\/product_tag?post=27052"}],"curies":[{"name":"wp","href":"https:\/\/api.w.org\/{rel}","templated":true}]}}