{"id":27058,"date":"2021-05-21T21:34:24","date_gmt":"2021-05-21T21:34:24","guid":{"rendered":"https:\/\/chicco.life\/sv\/?post_type=product&#038;p=27058"},"modified":"2023-04-24T22:27:15","modified_gmt":"2023-04-24T22:27:15","slug":"movil-p-cuna-musical-estrellas-rosa","status":"publish","type":"product","link":"https:\/\/chicco.life\/sv\/product\/movil-p-cuna-musical-estrellas-rosa\/","title":{"rendered":"Movil P\/Cuna Musical Estrellas Rosa"},"content":{"rendered":"","protected":false},"excerpt":{"rendered":"<p>M\u00f3vil de cuna con sistema de doble proyecci\u00f3n para crear una atm\u00f3sfera m\u00e1gica y relajante para el beb\u00e9 gracias a su proyecci\u00f3n de estrellas y planetas de colores por toda la habitaci\u00f3n. Adem\u00e1s, posee un sistema de rotaci\u00f3n que podr\u00e1s activar para que las im\u00e1genes giren lentamente en las paredes de la habitaci\u00f3n. Un vez el beb\u00e9 crece, puedes extraer la parte m\u00f3vil, dejando el panel electr\u00f3nico como proyector de cuna con luz antioscuridad. Cuando el beb\u00e9 llora, el sensor de sonido activa autom\u00e1ticamente una amplia selecci\u00f3n de melod\u00edas cl\u00e1sicas y new age. Incluye un mano a distancia, desde el que podr\u00e1s activar las luces y melod\u00edas.<\/p>\n","protected":false},"featured_media":27487,"comment_status":"open","ping_status":"closed","template":"","meta":{"_acf_changed":false},"product_brand":[],"product_cat":[180],"product_tag":[],"class_list":{"0":"post-27058","1":"product","2":"type-product","3":"status-publish","4":"has-post-thumbnail","6":"product_cat-accesorios","8":"first","9":"outofstock","10":"shipping-taxable","11":"purchasable","12":"product-type-simple"},"acf":[],"yoast_head":"<!-- This site is optimized with the Yoast SEO plugin v25.8 - https:\/\/yoast.com\/wordpress\/plugins\/seo\/ -->\n<title>Movil P\/Cuna Musical Estrellas Rosa - Chicco<\/title>\n<meta name=\"robots\" content=\"index, follow, max-snippet:-1, max-image-preview:large, max-video-preview:-1\" \/>\n<link rel=\"canonical\" href=\"https:\/\/chicco.life\/sv\/product\/movil-p-cuna-musical-estrellas-rosa\/\" \/>\n<meta property=\"og:locale\" content=\"es_ES\" \/>\n<meta property=\"og:type\" content=\"article\" \/>\n<meta property=\"og:title\" content=\"Movil P\/Cuna Musical Estrellas Rosa - Chicco\" \/>\n<meta property=\"og:description\" content=\"M\u00f3vil de cuna con sistema de doble proyecci\u00f3n para crear una atm\u00f3sfera m\u00e1gica y relajante para el beb\u00e9 gracias a su proyecci\u00f3n de estrellas y planetas de colores por toda la habitaci\u00f3n. Adem\u00e1s, posee un sistema de rotaci\u00f3n que podr\u00e1s activar para que las im\u00e1genes giren lentamente en las paredes de la habitaci\u00f3n. Un vez el beb\u00e9 crece, puedes extraer la parte m\u00f3vil, dejando el panel electr\u00f3nico como proyector de cuna con luz antioscuridad. Cuando el beb\u00e9 llora, el sensor de sonido activa autom\u00e1ticamente una amplia selecci\u00f3n de melod\u00edas cl\u00e1sicas y new age. Incluye un mano a distancia, desde el que podr\u00e1s activar las luces y melod\u00edas.\" \/>\n<meta property=\"og:url\" content=\"https:\/\/chicco.life\/sv\/product\/movil-p-cuna-musical-estrellas-rosa\/\" \/>\n<meta property=\"og:site_name\" content=\"Chicco\" \/>\n<meta property=\"article:modified_time\" content=\"2023-04-24T22:27:15+00:00\" \/>\n<meta property=\"og:image\" content=\"https:\/\/chicco.life\/sv\/wp-content\/uploads\/2021\/05\/MOVIL-PARA-CUNA-MUSICAL-ESTRELLAS-ROSA-1.jpg\" \/>\n\t<meta property=\"og:image:width\" content=\"600\" \/>\n\t<meta property=\"og:image:height\" content=\"600\" \/>\n\t<meta property=\"og:image:type\" content=\"image\/jpeg\" \/>\n<meta name=\"twitter:card\" content=\"summary_large_image\" \/>\n<script type=\"application\/ld+json\" class=\"yoast-schema-graph\">{\"@context\":\"https:\/\/schema.org\",\"@graph\":[{\"@type\":\"WebPage\",\"@id\":\"https:\/\/chicco.life\/sv\/product\/movil-p-cuna-musical-estrellas-rosa\/\",\"url\":\"https:\/\/chicco.life\/sv\/product\/movil-p-cuna-musical-estrellas-rosa\/\",\"name\":\"Movil P\/Cuna Musical Estrellas Rosa - Chicco\",\"isPartOf\":{\"@id\":\"https:\/\/chicco.life\/sv\/#website\"},\"primaryImageOfPage\":{\"@id\":\"https:\/\/chicco.life\/sv\/product\/movil-p-cuna-musical-estrellas-rosa\/#primaryimage\"},\"image\":{\"@id\":\"https:\/\/chicco.life\/sv\/product\/movil-p-cuna-musical-estrellas-rosa\/#primaryimage\"},\"thumbnailUrl\":\"https:\/\/chicco.life\/sv\/wp-content\/uploads\/2021\/05\/MOVIL-PARA-CUNA-MUSICAL-ESTRELLAS-ROSA-1.jpg\",\"datePublished\":\"2021-05-21T21:34:24+00:00\",\"dateModified\":\"2023-04-24T22:27:15+00:00\",\"breadcrumb\":{\"@id\":\"https:\/\/chicco.life\/sv\/product\/movil-p-cuna-musical-estrellas-rosa\/#breadcrumb\"},\"inLanguage\":\"es\",\"potentialAction\":[{\"@type\":\"ReadAction\",\"target\":[\"https:\/\/chicco.life\/sv\/product\/movil-p-cuna-musical-estrellas-rosa\/\"]}]},{\"@type\":\"ImageObject\",\"inLanguage\":\"es\",\"@id\":\"https:\/\/chicco.life\/sv\/product\/movil-p-cuna-musical-estrellas-rosa\/#primaryimage\",\"url\":\"https:\/\/chicco.life\/sv\/wp-content\/uploads\/2021\/05\/MOVIL-PARA-CUNA-MUSICAL-ESTRELLAS-ROSA-1.jpg\",\"contentUrl\":\"https:\/\/chicco.life\/sv\/wp-content\/uploads\/2021\/05\/MOVIL-PARA-CUNA-MUSICAL-ESTRELLAS-ROSA-1.jpg\",\"width\":600,\"height\":600},{\"@type\":\"BreadcrumbList\",\"@id\":\"https:\/\/chicco.life\/sv\/product\/movil-p-cuna-musical-estrellas-rosa\/#breadcrumb\",\"itemListElement\":[{\"@type\":\"ListItem\",\"position\":1,\"name\":\"Portada\",\"item\":\"https:\/\/chicco.life\/sv\/\"},{\"@type\":\"ListItem\",\"position\":2,\"name\":\"Movil P\/Cuna Musical Estrellas Rosa\"}]},{\"@type\":\"WebSite\",\"@id\":\"https:\/\/chicco.life\/sv\/#website\",\"url\":\"https:\/\/chicco.life\/sv\/\",\"name\":\"Chicco\",\"description\":\"Crecemos Juntos\",\"publisher\":{\"@id\":\"https:\/\/chicco.life\/sv\/#organization\"},\"potentialAction\":[{\"@type\":\"SearchAction\",\"target\":{\"@type\":\"EntryPoint\",\"urlTemplate\":\"https:\/\/chicco.life\/sv\/?s={search_term_string}\"},\"query-input\":{\"@type\":\"PropertyValueSpecification\",\"valueRequired\":true,\"valueName\":\"search_term_string\"}}],\"inLanguage\":\"es\"},{\"@type\":\"Organization\",\"@id\":\"https:\/\/chicco.life\/sv\/#organization\",\"name\":\"Chicco\",\"url\":\"https:\/\/chicco.life\/sv\/\",\"logo\":{\"@type\":\"ImageObject\",\"inLanguage\":\"es\",\"@id\":\"https:\/\/chicco.life\/sv\/#\/schema\/logo\/image\/\",\"url\":\"https:\/\/chicco.life\/sv\/wp-content\/uploads\/2021\/10\/main_logo-1.png\",\"contentUrl\":\"https:\/\/chicco.life\/sv\/wp-content\/uploads\/2021\/10\/main_logo-1.png\",\"width\":400,\"height\":220,\"caption\":\"Chicco\"},\"image\":{\"@id\":\"https:\/\/chicco.life\/sv\/#\/schema\/logo\/image\/\"}}]}<\/script>\n<!-- \/ Yoast SEO plugin. -->","yoast_head_json":{"title":"Movil P\/Cuna Musical Estrellas Rosa - Chicco","robots":{"index":"index","follow":"follow","max-snippet":"max-snippet:-1","max-image-preview":"max-image-preview:large","max-video-preview":"max-video-preview:-1"},"canonical":"https:\/\/chicco.life\/sv\/product\/movil-p-cuna-musical-estrellas-rosa\/","og_locale":"es_ES","og_type":"article","og_title":"Movil P\/Cuna Musical Estrellas Rosa - Chicco","og_description":"M\u00f3vil de cuna con sistema de doble proyecci\u00f3n para crear una atm\u00f3sfera m\u00e1gica y relajante para el beb\u00e9 gracias a su proyecci\u00f3n de estrellas y planetas de colores por toda la habitaci\u00f3n. Adem\u00e1s, posee un sistema de rotaci\u00f3n que podr\u00e1s activar para que las im\u00e1genes giren lentamente en las paredes de la habitaci\u00f3n. Un vez el beb\u00e9 crece, puedes extraer la parte m\u00f3vil, dejando el panel electr\u00f3nico como proyector de cuna con luz antioscuridad. Cuando el beb\u00e9 llora, el sensor de sonido activa autom\u00e1ticamente una amplia selecci\u00f3n de melod\u00edas cl\u00e1sicas y new age. Incluye un mano a distancia, desde el que podr\u00e1s activar las luces y melod\u00edas.","og_url":"https:\/\/chicco.life\/sv\/product\/movil-p-cuna-musical-estrellas-rosa\/","og_site_name":"Chicco","article_modified_time":"2023-04-24T22:27:15+00:00","og_image":[{"width":600,"height":600,"url":"https:\/\/chicco.life\/sv\/wp-content\/uploads\/2021\/05\/MOVIL-PARA-CUNA-MUSICAL-ESTRELLAS-ROSA-1.jpg","type":"image\/jpeg"}],"twitter_card":"summary_large_image","schema":{"@context":"https:\/\/schema.org","@graph":[{"@type":"WebPage","@id":"https:\/\/chicco.life\/sv\/product\/movil-p-cuna-musical-estrellas-rosa\/","url":"https:\/\/chicco.life\/sv\/product\/movil-p-cuna-musical-estrellas-rosa\/","name":"Movil P\/Cuna Musical Estrellas Rosa - Chicco","isPartOf":{"@id":"https:\/\/chicco.life\/sv\/#website"},"primaryImageOfPage":{"@id":"https:\/\/chicco.life\/sv\/product\/movil-p-cuna-musical-estrellas-rosa\/#primaryimage"},"image":{"@id":"https:\/\/chicco.life\/sv\/product\/movil-p-cuna-musical-estrellas-rosa\/#primaryimage"},"thumbnailUrl":"https:\/\/chicco.life\/sv\/wp-content\/uploads\/2021\/05\/MOVIL-PARA-CUNA-MUSICAL-ESTRELLAS-ROSA-1.jpg","datePublished":"2021-05-21T21:34:24+00:00","dateModified":"2023-04-24T22:27:15+00:00","breadcrumb":{"@id":"https:\/\/chicco.life\/sv\/product\/movil-p-cuna-musical-estrellas-rosa\/#breadcrumb"},"inLanguage":"es","potentialAction":[{"@type":"ReadAction","target":["https:\/\/chicco.life\/sv\/product\/movil-p-cuna-musical-estrellas-rosa\/"]}]},{"@type":"ImageObject","inLanguage":"es","@id":"https:\/\/chicco.life\/sv\/product\/movil-p-cuna-musical-estrellas-rosa\/#primaryimage","url":"https:\/\/chicco.life\/sv\/wp-content\/uploads\/2021\/05\/MOVIL-PARA-CUNA-MUSICAL-ESTRELLAS-ROSA-1.jpg","contentUrl":"https:\/\/chicco.life\/sv\/wp-content\/uploads\/2021\/05\/MOVIL-PARA-CUNA-MUSICAL-ESTRELLAS-ROSA-1.jpg","width":600,"height":600},{"@type":"BreadcrumbList","@id":"https:\/\/chicco.life\/sv\/product\/movil-p-cuna-musical-estrellas-rosa\/#breadcrumb","itemListElement":[{"@type":"ListItem","position":1,"name":"Portada","item":"https:\/\/chicco.life\/sv\/"},{"@type":"ListItem","position":2,"name":"Movil P\/Cuna Musical Estrellas Rosa"}]},{"@type":"WebSite","@id":"https:\/\/chicco.life\/sv\/#website","url":"https:\/\/chicco.life\/sv\/","name":"Chicco","description":"Crecemos Juntos","publisher":{"@id":"https:\/\/chicco.life\/sv\/#organization"},"potentialAction":[{"@type":"SearchAction","target":{"@type":"EntryPoint","urlTemplate":"https:\/\/chicco.life\/sv\/?s={search_term_string}"},"query-input":{"@type":"PropertyValueSpecification","valueRequired":true,"valueName":"search_term_string"}}],"inLanguage":"es"},{"@type":"Organization","@id":"https:\/\/chicco.life\/sv\/#organization","name":"Chicco","url":"https:\/\/chicco.life\/sv\/","logo":{"@type":"ImageObject","inLanguage":"es","@id":"https:\/\/chicco.life\/sv\/#\/schema\/logo\/image\/","url":"https:\/\/chicco.life\/sv\/wp-content\/uploads\/2021\/10\/main_logo-1.png","contentUrl":"https:\/\/chicco.life\/sv\/wp-content\/uploads\/2021\/10\/main_logo-1.png","width":400,"height":220,"caption":"Chicco"},"image":{"@id":"https:\/\/chicco.life\/sv\/#\/schema\/logo\/image\/"}}]}},"_links":{"self":[{"href":"https:\/\/chicco.life\/sv\/wp-json\/wp\/v2\/product\/27058","targetHints":{"allow":["GET"]}}],"collection":[{"href":"https:\/\/chicco.life\/sv\/wp-json\/wp\/v2\/product"}],"about":[{"href":"https:\/\/chicco.life\/sv\/wp-json\/wp\/v2\/types\/product"}],"replies":[{"embeddable":true,"href":"https:\/\/chicco.life\/sv\/wp-json\/wp\/v2\/comments?post=27058"}],"wp:featuredmedia":[{"embeddable":true,"href":"https:\/\/chicco.life\/sv\/wp-json\/wp\/v2\/media\/27487"}],"wp:attachment":[{"href":"https:\/\/chicco.life\/sv\/wp-json\/wp\/v2\/media?parent=27058"}],"wp:term":[{"taxonomy":"product_brand","embeddable":true,"href":"https:\/\/chicco.life\/sv\/wp-json\/wp\/v2\/product_brand?post=27058"},{"taxonomy":"product_cat","embeddable":true,"href":"https:\/\/chicco.life\/sv\/wp-json\/wp\/v2\/product_cat?post=27058"},{"taxonomy":"product_tag","embeddable":true,"href":"https:\/\/chicco.life\/sv\/wp-json\/wp\/v2\/product_tag?post=27058"}],"curies":[{"name":"wp","href":"https:\/\/api.w.org\/{rel}","templated":true}]}}