{"id":27064,"date":"2021-05-21T21:39:13","date_gmt":"2021-05-21T21:39:13","guid":{"rendered":"https:\/\/chicco.life\/sv\/?post_type=product&#038;p=27064"},"modified":"2023-04-24T22:26:52","modified_gmt":"2023-04-24T22:26:52","slug":"boppy-adjust-comfyfit-babycarrier-charcoal","status":"publish","type":"product","link":"https:\/\/chicco.life\/sv\/product\/boppy-adjust-comfyfit-babycarrier-charcoal\/","title":{"rendered":"CARGADOR P\/BEBE BOPPY AJUSTABLE CHARCOAL"},"content":{"rendered":"","protected":false},"excerpt":{"rendered":"<ul>\n<li>El cargador Boppy ComfyFit te ayuda a mantener a tu beb\u00e9 cerca de ti siempre de forma natural y pr\u00e1ctica. Es f\u00e1cil de usar y liviano, lo que le permite moverse libremente mientras fomenta las interacciones del ni\u00f1o con el entorno.<\/li>\n<li>Bolsillo con cremallera<\/li>\n<li>La parte media acolchada maximiza el soporte para el beb\u00e9 y mantiene la espalda y caderas del beb\u00e9 en la posici\u00f3n correcta (forma de M)<\/li>\n<li>El Instituto Internacional de Displasia de cadera (IHDI) reconoce el cargador comfyfit como un producto saludable para la cadera cuando se utiliza seg\u00fan indicaciones<\/li>\n<li>Capacidad de peso de hasta <strong>15kg<\/strong><\/li>\n<\/ul>\n","protected":false},"featured_media":27558,"comment_status":"open","ping_status":"closed","template":"","meta":{"_acf_changed":false},"product_brand":[],"product_cat":[126],"product_tag":[],"class_list":{"0":"post-27064","1":"product","2":"type-product","3":"status-publish","4":"has-post-thumbnail","6":"product_cat-lactancia","8":"first","9":"outofstock","10":"shipping-taxable","11":"purchasable","12":"product-type-simple"},"acf":[],"yoast_head":"<!-- This site is optimized with the Yoast SEO plugin v25.8 - https:\/\/yoast.com\/wordpress\/plugins\/seo\/ -->\n<title>CARGADOR P\/BEBE BOPPY AJUSTABLE CHARCOAL - Chicco<\/title>\n<meta name=\"robots\" content=\"index, follow, max-snippet:-1, max-image-preview:large, max-video-preview:-1\" \/>\n<link rel=\"canonical\" href=\"https:\/\/chicco.life\/sv\/product\/boppy-adjust-comfyfit-babycarrier-charcoal\/\" \/>\n<meta property=\"og:locale\" content=\"es_ES\" \/>\n<meta property=\"og:type\" content=\"article\" \/>\n<meta property=\"og:title\" content=\"CARGADOR P\/BEBE BOPPY AJUSTABLE CHARCOAL - Chicco\" \/>\n<meta property=\"og:description\" content=\"El cargador Boppy ComfyFit te ayuda a mantener a tu beb\u00e9 cerca de ti siempre de forma natural y pr\u00e1ctica. Es f\u00e1cil de usar y liviano, lo que le permite moverse libremente mientras fomenta las interacciones del ni\u00f1o con el entorno.  Bolsillo con cremallera  La parte media acolchada maximiza el soporte para el beb\u00e9 y mantiene la espalda y caderas del beb\u00e9 en la posici\u00f3n correcta (forma de M)  El Instituto Internacional de Displasia de cadera (IHDI) reconoce el cargador comfyfit como un producto saludable para la cadera cuando se utiliza seg\u00fan indicaciones  Capacidad de peso de hasta 15kg\" \/>\n<meta property=\"og:url\" content=\"https:\/\/chicco.life\/sv\/product\/boppy-adjust-comfyfit-babycarrier-charcoal\/\" \/>\n<meta property=\"og:site_name\" content=\"Chicco\" \/>\n<meta property=\"article:modified_time\" content=\"2023-04-24T22:26:52+00:00\" \/>\n<meta property=\"og:image\" content=\"https:\/\/chicco.life\/sv\/wp-content\/uploads\/2021\/05\/BOPPY-ADJUST-COMFYFIT-BABYCARRIER-CHARCOAL-1.jpg\" \/>\n\t<meta property=\"og:image:width\" content=\"600\" \/>\n\t<meta property=\"og:image:height\" content=\"600\" \/>\n\t<meta property=\"og:image:type\" content=\"image\/jpeg\" \/>\n<meta name=\"twitter:card\" content=\"summary_large_image\" \/>\n<script type=\"application\/ld+json\" class=\"yoast-schema-graph\">{\"@context\":\"https:\/\/schema.org\",\"@graph\":[{\"@type\":\"WebPage\",\"@id\":\"https:\/\/chicco.life\/sv\/product\/boppy-adjust-comfyfit-babycarrier-charcoal\/\",\"url\":\"https:\/\/chicco.life\/sv\/product\/boppy-adjust-comfyfit-babycarrier-charcoal\/\",\"name\":\"CARGADOR P\/BEBE BOPPY AJUSTABLE CHARCOAL - Chicco\",\"isPartOf\":{\"@id\":\"https:\/\/chicco.life\/sv\/#website\"},\"primaryImageOfPage\":{\"@id\":\"https:\/\/chicco.life\/sv\/product\/boppy-adjust-comfyfit-babycarrier-charcoal\/#primaryimage\"},\"image\":{\"@id\":\"https:\/\/chicco.life\/sv\/product\/boppy-adjust-comfyfit-babycarrier-charcoal\/#primaryimage\"},\"thumbnailUrl\":\"https:\/\/chicco.life\/sv\/wp-content\/uploads\/2021\/05\/BOPPY-ADJUST-COMFYFIT-BABYCARRIER-CHARCOAL-1.jpg\",\"datePublished\":\"2021-05-21T21:39:13+00:00\",\"dateModified\":\"2023-04-24T22:26:52+00:00\",\"breadcrumb\":{\"@id\":\"https:\/\/chicco.life\/sv\/product\/boppy-adjust-comfyfit-babycarrier-charcoal\/#breadcrumb\"},\"inLanguage\":\"es\",\"potentialAction\":[{\"@type\":\"ReadAction\",\"target\":[\"https:\/\/chicco.life\/sv\/product\/boppy-adjust-comfyfit-babycarrier-charcoal\/\"]}]},{\"@type\":\"ImageObject\",\"inLanguage\":\"es\",\"@id\":\"https:\/\/chicco.life\/sv\/product\/boppy-adjust-comfyfit-babycarrier-charcoal\/#primaryimage\",\"url\":\"https:\/\/chicco.life\/sv\/wp-content\/uploads\/2021\/05\/BOPPY-ADJUST-COMFYFIT-BABYCARRIER-CHARCOAL-1.jpg\",\"contentUrl\":\"https:\/\/chicco.life\/sv\/wp-content\/uploads\/2021\/05\/BOPPY-ADJUST-COMFYFIT-BABYCARRIER-CHARCOAL-1.jpg\",\"width\":600,\"height\":600},{\"@type\":\"BreadcrumbList\",\"@id\":\"https:\/\/chicco.life\/sv\/product\/boppy-adjust-comfyfit-babycarrier-charcoal\/#breadcrumb\",\"itemListElement\":[{\"@type\":\"ListItem\",\"position\":1,\"name\":\"Portada\",\"item\":\"https:\/\/chicco.life\/sv\/\"},{\"@type\":\"ListItem\",\"position\":2,\"name\":\"CARGADOR P\/BEBE BOPPY AJUSTABLE CHARCOAL\"}]},{\"@type\":\"WebSite\",\"@id\":\"https:\/\/chicco.life\/sv\/#website\",\"url\":\"https:\/\/chicco.life\/sv\/\",\"name\":\"Chicco\",\"description\":\"Crecemos Juntos\",\"publisher\":{\"@id\":\"https:\/\/chicco.life\/sv\/#organization\"},\"potentialAction\":[{\"@type\":\"SearchAction\",\"target\":{\"@type\":\"EntryPoint\",\"urlTemplate\":\"https:\/\/chicco.life\/sv\/?s={search_term_string}\"},\"query-input\":{\"@type\":\"PropertyValueSpecification\",\"valueRequired\":true,\"valueName\":\"search_term_string\"}}],\"inLanguage\":\"es\"},{\"@type\":\"Organization\",\"@id\":\"https:\/\/chicco.life\/sv\/#organization\",\"name\":\"Chicco\",\"url\":\"https:\/\/chicco.life\/sv\/\",\"logo\":{\"@type\":\"ImageObject\",\"inLanguage\":\"es\",\"@id\":\"https:\/\/chicco.life\/sv\/#\/schema\/logo\/image\/\",\"url\":\"https:\/\/chicco.life\/sv\/wp-content\/uploads\/2021\/10\/main_logo-1.png\",\"contentUrl\":\"https:\/\/chicco.life\/sv\/wp-content\/uploads\/2021\/10\/main_logo-1.png\",\"width\":400,\"height\":220,\"caption\":\"Chicco\"},\"image\":{\"@id\":\"https:\/\/chicco.life\/sv\/#\/schema\/logo\/image\/\"}}]}<\/script>\n<!-- \/ Yoast SEO plugin. -->","yoast_head_json":{"title":"CARGADOR P\/BEBE BOPPY AJUSTABLE CHARCOAL - Chicco","robots":{"index":"index","follow":"follow","max-snippet":"max-snippet:-1","max-image-preview":"max-image-preview:large","max-video-preview":"max-video-preview:-1"},"canonical":"https:\/\/chicco.life\/sv\/product\/boppy-adjust-comfyfit-babycarrier-charcoal\/","og_locale":"es_ES","og_type":"article","og_title":"CARGADOR P\/BEBE BOPPY AJUSTABLE CHARCOAL - Chicco","og_description":"El cargador Boppy ComfyFit te ayuda a mantener a tu beb\u00e9 cerca de ti siempre de forma natural y pr\u00e1ctica. Es f\u00e1cil de usar y liviano, lo que le permite moverse libremente mientras fomenta las interacciones del ni\u00f1o con el entorno.  Bolsillo con cremallera  La parte media acolchada maximiza el soporte para el beb\u00e9 y mantiene la espalda y caderas del beb\u00e9 en la posici\u00f3n correcta (forma de M)  El Instituto Internacional de Displasia de cadera (IHDI) reconoce el cargador comfyfit como un producto saludable para la cadera cuando se utiliza seg\u00fan indicaciones  Capacidad de peso de hasta 15kg","og_url":"https:\/\/chicco.life\/sv\/product\/boppy-adjust-comfyfit-babycarrier-charcoal\/","og_site_name":"Chicco","article_modified_time":"2023-04-24T22:26:52+00:00","og_image":[{"width":600,"height":600,"url":"https:\/\/chicco.life\/sv\/wp-content\/uploads\/2021\/05\/BOPPY-ADJUST-COMFYFIT-BABYCARRIER-CHARCOAL-1.jpg","type":"image\/jpeg"}],"twitter_card":"summary_large_image","schema":{"@context":"https:\/\/schema.org","@graph":[{"@type":"WebPage","@id":"https:\/\/chicco.life\/sv\/product\/boppy-adjust-comfyfit-babycarrier-charcoal\/","url":"https:\/\/chicco.life\/sv\/product\/boppy-adjust-comfyfit-babycarrier-charcoal\/","name":"CARGADOR P\/BEBE BOPPY AJUSTABLE CHARCOAL - Chicco","isPartOf":{"@id":"https:\/\/chicco.life\/sv\/#website"},"primaryImageOfPage":{"@id":"https:\/\/chicco.life\/sv\/product\/boppy-adjust-comfyfit-babycarrier-charcoal\/#primaryimage"},"image":{"@id":"https:\/\/chicco.life\/sv\/product\/boppy-adjust-comfyfit-babycarrier-charcoal\/#primaryimage"},"thumbnailUrl":"https:\/\/chicco.life\/sv\/wp-content\/uploads\/2021\/05\/BOPPY-ADJUST-COMFYFIT-BABYCARRIER-CHARCOAL-1.jpg","datePublished":"2021-05-21T21:39:13+00:00","dateModified":"2023-04-24T22:26:52+00:00","breadcrumb":{"@id":"https:\/\/chicco.life\/sv\/product\/boppy-adjust-comfyfit-babycarrier-charcoal\/#breadcrumb"},"inLanguage":"es","potentialAction":[{"@type":"ReadAction","target":["https:\/\/chicco.life\/sv\/product\/boppy-adjust-comfyfit-babycarrier-charcoal\/"]}]},{"@type":"ImageObject","inLanguage":"es","@id":"https:\/\/chicco.life\/sv\/product\/boppy-adjust-comfyfit-babycarrier-charcoal\/#primaryimage","url":"https:\/\/chicco.life\/sv\/wp-content\/uploads\/2021\/05\/BOPPY-ADJUST-COMFYFIT-BABYCARRIER-CHARCOAL-1.jpg","contentUrl":"https:\/\/chicco.life\/sv\/wp-content\/uploads\/2021\/05\/BOPPY-ADJUST-COMFYFIT-BABYCARRIER-CHARCOAL-1.jpg","width":600,"height":600},{"@type":"BreadcrumbList","@id":"https:\/\/chicco.life\/sv\/product\/boppy-adjust-comfyfit-babycarrier-charcoal\/#breadcrumb","itemListElement":[{"@type":"ListItem","position":1,"name":"Portada","item":"https:\/\/chicco.life\/sv\/"},{"@type":"ListItem","position":2,"name":"CARGADOR P\/BEBE BOPPY AJUSTABLE CHARCOAL"}]},{"@type":"WebSite","@id":"https:\/\/chicco.life\/sv\/#website","url":"https:\/\/chicco.life\/sv\/","name":"Chicco","description":"Crecemos Juntos","publisher":{"@id":"https:\/\/chicco.life\/sv\/#organization"},"potentialAction":[{"@type":"SearchAction","target":{"@type":"EntryPoint","urlTemplate":"https:\/\/chicco.life\/sv\/?s={search_term_string}"},"query-input":{"@type":"PropertyValueSpecification","valueRequired":true,"valueName":"search_term_string"}}],"inLanguage":"es"},{"@type":"Organization","@id":"https:\/\/chicco.life\/sv\/#organization","name":"Chicco","url":"https:\/\/chicco.life\/sv\/","logo":{"@type":"ImageObject","inLanguage":"es","@id":"https:\/\/chicco.life\/sv\/#\/schema\/logo\/image\/","url":"https:\/\/chicco.life\/sv\/wp-content\/uploads\/2021\/10\/main_logo-1.png","contentUrl":"https:\/\/chicco.life\/sv\/wp-content\/uploads\/2021\/10\/main_logo-1.png","width":400,"height":220,"caption":"Chicco"},"image":{"@id":"https:\/\/chicco.life\/sv\/#\/schema\/logo\/image\/"}}]}},"_links":{"self":[{"href":"https:\/\/chicco.life\/sv\/wp-json\/wp\/v2\/product\/27064","targetHints":{"allow":["GET"]}}],"collection":[{"href":"https:\/\/chicco.life\/sv\/wp-json\/wp\/v2\/product"}],"about":[{"href":"https:\/\/chicco.life\/sv\/wp-json\/wp\/v2\/types\/product"}],"replies":[{"embeddable":true,"href":"https:\/\/chicco.life\/sv\/wp-json\/wp\/v2\/comments?post=27064"}],"wp:featuredmedia":[{"embeddable":true,"href":"https:\/\/chicco.life\/sv\/wp-json\/wp\/v2\/media\/27558"}],"wp:attachment":[{"href":"https:\/\/chicco.life\/sv\/wp-json\/wp\/v2\/media?parent=27064"}],"wp:term":[{"taxonomy":"product_brand","embeddable":true,"href":"https:\/\/chicco.life\/sv\/wp-json\/wp\/v2\/product_brand?post=27064"},{"taxonomy":"product_cat","embeddable":true,"href":"https:\/\/chicco.life\/sv\/wp-json\/wp\/v2\/product_cat?post=27064"},{"taxonomy":"product_tag","embeddable":true,"href":"https:\/\/chicco.life\/sv\/wp-json\/wp\/v2\/product_tag?post=27064"}],"curies":[{"name":"wp","href":"https:\/\/api.w.org\/{rel}","templated":true}]}}