{"id":27293,"date":"2021-08-19T04:58:46","date_gmt":"2021-08-19T04:58:46","guid":{"rendered":"https:\/\/chicco.life\/sv\/?post_type=product&#038;p=27293"},"modified":"2025-08-08T09:28:08","modified_gmt":"2025-08-08T15:28:08","slug":"walky-talky-baby-walker-green-wave","status":"publish","type":"product","link":"https:\/\/chicco.life\/sv\/product\/walky-talky-baby-walker-green-wave\/","title":{"rendered":"ANDADERA WALKY TALKY VERDE"},"content":{"rendered":"","protected":false},"excerpt":{"rendered":"<ul>\n<li>Bandeja de juego multiling\u00fce se puede quitar y usar como juguete independiente<\/li>\n<li>Tres posiciones de altura<\/li>\n<li>Se pliega de forma compacta para almacenamiento<\/li>\n<li>Asiento acolchado extra\u00edble y lavable<\/li>\n<li>Las pastillas de freno ayudan a detener al caminante si se da un paso<\/li>\n<li>Recomendado para ni\u00f1os que pueden sentarse en posici\u00f3n vertical sin ayuda de menos de 11KG (26 lbs)<\/li>\n<\/ul>\n","protected":false},"featured_media":27294,"comment_status":"open","ping_status":"closed","template":"","meta":{"_acf_changed":false},"product_brand":[],"product_cat":[184],"product_tag":[],"class_list":{"0":"post-27293","1":"product","2":"type-product","3":"status-publish","4":"has-post-thumbnail","6":"product_cat-muebles-dentro-de-casa","8":"first","9":"outofstock","10":"shipping-taxable","11":"purchasable","12":"product-type-simple"},"acf":[],"yoast_head":"<!-- This site is optimized with the Yoast SEO plugin v25.8 - https:\/\/yoast.com\/wordpress\/plugins\/seo\/ -->\n<title>ANDADERA WALKY TALKY VERDE - Chicco<\/title>\n<meta name=\"robots\" content=\"index, follow, max-snippet:-1, max-image-preview:large, max-video-preview:-1\" \/>\n<link rel=\"canonical\" href=\"https:\/\/chicco.life\/sv\/product\/walky-talky-baby-walker-green-wave\/\" \/>\n<meta property=\"og:locale\" content=\"es_ES\" \/>\n<meta property=\"og:type\" content=\"article\" \/>\n<meta property=\"og:title\" content=\"ANDADERA WALKY TALKY VERDE - Chicco\" \/>\n<meta property=\"og:description\" content=\"Bandeja de juego multiling\u00fce se puede quitar y usar como juguete independiente  Tres posiciones de altura  Se pliega de forma compacta para almacenamiento  Asiento acolchado extra\u00edble y lavable  Las pastillas de freno ayudan a detener al caminante si se da un paso  Recomendado para ni\u00f1os que pueden sentarse en posici\u00f3n vertical sin ayuda de menos de 11KG (26 lbs)\" \/>\n<meta property=\"og:url\" content=\"https:\/\/chicco.life\/sv\/product\/walky-talky-baby-walker-green-wave\/\" \/>\n<meta property=\"og:site_name\" content=\"Chicco\" \/>\n<meta property=\"article:modified_time\" content=\"2025-08-08T15:28:08+00:00\" \/>\n<meta property=\"og:image\" content=\"https:\/\/chicco.life\/sv\/wp-content\/uploads\/2021\/08\/WALKY-TALKY-BABY-WALKER-GREEN-WAVE.jpg\" \/>\n\t<meta property=\"og:image:width\" content=\"600\" \/>\n\t<meta property=\"og:image:height\" content=\"600\" \/>\n\t<meta property=\"og:image:type\" content=\"image\/jpeg\" \/>\n<meta name=\"twitter:card\" content=\"summary_large_image\" \/>\n<script type=\"application\/ld+json\" class=\"yoast-schema-graph\">{\"@context\":\"https:\/\/schema.org\",\"@graph\":[{\"@type\":\"WebPage\",\"@id\":\"https:\/\/chicco.life\/sv\/product\/walky-talky-baby-walker-green-wave\/\",\"url\":\"https:\/\/chicco.life\/sv\/product\/walky-talky-baby-walker-green-wave\/\",\"name\":\"ANDADERA WALKY TALKY VERDE - Chicco\",\"isPartOf\":{\"@id\":\"https:\/\/chicco.life\/sv\/#website\"},\"primaryImageOfPage\":{\"@id\":\"https:\/\/chicco.life\/sv\/product\/walky-talky-baby-walker-green-wave\/#primaryimage\"},\"image\":{\"@id\":\"https:\/\/chicco.life\/sv\/product\/walky-talky-baby-walker-green-wave\/#primaryimage\"},\"thumbnailUrl\":\"https:\/\/chicco.life\/sv\/wp-content\/uploads\/2021\/08\/WALKY-TALKY-BABY-WALKER-GREEN-WAVE.jpg\",\"datePublished\":\"2021-08-19T04:58:46+00:00\",\"dateModified\":\"2025-08-08T15:28:08+00:00\",\"breadcrumb\":{\"@id\":\"https:\/\/chicco.life\/sv\/product\/walky-talky-baby-walker-green-wave\/#breadcrumb\"},\"inLanguage\":\"es\",\"potentialAction\":[{\"@type\":\"ReadAction\",\"target\":[\"https:\/\/chicco.life\/sv\/product\/walky-talky-baby-walker-green-wave\/\"]}]},{\"@type\":\"ImageObject\",\"inLanguage\":\"es\",\"@id\":\"https:\/\/chicco.life\/sv\/product\/walky-talky-baby-walker-green-wave\/#primaryimage\",\"url\":\"https:\/\/chicco.life\/sv\/wp-content\/uploads\/2021\/08\/WALKY-TALKY-BABY-WALKER-GREEN-WAVE.jpg\",\"contentUrl\":\"https:\/\/chicco.life\/sv\/wp-content\/uploads\/2021\/08\/WALKY-TALKY-BABY-WALKER-GREEN-WAVE.jpg\",\"width\":600,\"height\":600},{\"@type\":\"BreadcrumbList\",\"@id\":\"https:\/\/chicco.life\/sv\/product\/walky-talky-baby-walker-green-wave\/#breadcrumb\",\"itemListElement\":[{\"@type\":\"ListItem\",\"position\":1,\"name\":\"Portada\",\"item\":\"https:\/\/chicco.life\/sv\/\"},{\"@type\":\"ListItem\",\"position\":2,\"name\":\"ANDADERA WALKY TALKY VERDE\"}]},{\"@type\":\"WebSite\",\"@id\":\"https:\/\/chicco.life\/sv\/#website\",\"url\":\"https:\/\/chicco.life\/sv\/\",\"name\":\"Chicco\",\"description\":\"Crecemos Juntos\",\"publisher\":{\"@id\":\"https:\/\/chicco.life\/sv\/#organization\"},\"potentialAction\":[{\"@type\":\"SearchAction\",\"target\":{\"@type\":\"EntryPoint\",\"urlTemplate\":\"https:\/\/chicco.life\/sv\/?s={search_term_string}\"},\"query-input\":{\"@type\":\"PropertyValueSpecification\",\"valueRequired\":true,\"valueName\":\"search_term_string\"}}],\"inLanguage\":\"es\"},{\"@type\":\"Organization\",\"@id\":\"https:\/\/chicco.life\/sv\/#organization\",\"name\":\"Chicco\",\"url\":\"https:\/\/chicco.life\/sv\/\",\"logo\":{\"@type\":\"ImageObject\",\"inLanguage\":\"es\",\"@id\":\"https:\/\/chicco.life\/sv\/#\/schema\/logo\/image\/\",\"url\":\"https:\/\/chicco.life\/sv\/wp-content\/uploads\/2021\/10\/main_logo-1.png\",\"contentUrl\":\"https:\/\/chicco.life\/sv\/wp-content\/uploads\/2021\/10\/main_logo-1.png\",\"width\":400,\"height\":220,\"caption\":\"Chicco\"},\"image\":{\"@id\":\"https:\/\/chicco.life\/sv\/#\/schema\/logo\/image\/\"}}]}<\/script>\n<!-- \/ Yoast SEO plugin. -->","yoast_head_json":{"title":"ANDADERA WALKY TALKY VERDE - Chicco","robots":{"index":"index","follow":"follow","max-snippet":"max-snippet:-1","max-image-preview":"max-image-preview:large","max-video-preview":"max-video-preview:-1"},"canonical":"https:\/\/chicco.life\/sv\/product\/walky-talky-baby-walker-green-wave\/","og_locale":"es_ES","og_type":"article","og_title":"ANDADERA WALKY TALKY VERDE - Chicco","og_description":"Bandeja de juego multiling\u00fce se puede quitar y usar como juguete independiente  Tres posiciones de altura  Se pliega de forma compacta para almacenamiento  Asiento acolchado extra\u00edble y lavable  Las pastillas de freno ayudan a detener al caminante si se da un paso  Recomendado para ni\u00f1os que pueden sentarse en posici\u00f3n vertical sin ayuda de menos de 11KG (26 lbs)","og_url":"https:\/\/chicco.life\/sv\/product\/walky-talky-baby-walker-green-wave\/","og_site_name":"Chicco","article_modified_time":"2025-08-08T15:28:08+00:00","og_image":[{"width":600,"height":600,"url":"https:\/\/chicco.life\/sv\/wp-content\/uploads\/2021\/08\/WALKY-TALKY-BABY-WALKER-GREEN-WAVE.jpg","type":"image\/jpeg"}],"twitter_card":"summary_large_image","schema":{"@context":"https:\/\/schema.org","@graph":[{"@type":"WebPage","@id":"https:\/\/chicco.life\/sv\/product\/walky-talky-baby-walker-green-wave\/","url":"https:\/\/chicco.life\/sv\/product\/walky-talky-baby-walker-green-wave\/","name":"ANDADERA WALKY TALKY VERDE - Chicco","isPartOf":{"@id":"https:\/\/chicco.life\/sv\/#website"},"primaryImageOfPage":{"@id":"https:\/\/chicco.life\/sv\/product\/walky-talky-baby-walker-green-wave\/#primaryimage"},"image":{"@id":"https:\/\/chicco.life\/sv\/product\/walky-talky-baby-walker-green-wave\/#primaryimage"},"thumbnailUrl":"https:\/\/chicco.life\/sv\/wp-content\/uploads\/2021\/08\/WALKY-TALKY-BABY-WALKER-GREEN-WAVE.jpg","datePublished":"2021-08-19T04:58:46+00:00","dateModified":"2025-08-08T15:28:08+00:00","breadcrumb":{"@id":"https:\/\/chicco.life\/sv\/product\/walky-talky-baby-walker-green-wave\/#breadcrumb"},"inLanguage":"es","potentialAction":[{"@type":"ReadAction","target":["https:\/\/chicco.life\/sv\/product\/walky-talky-baby-walker-green-wave\/"]}]},{"@type":"ImageObject","inLanguage":"es","@id":"https:\/\/chicco.life\/sv\/product\/walky-talky-baby-walker-green-wave\/#primaryimage","url":"https:\/\/chicco.life\/sv\/wp-content\/uploads\/2021\/08\/WALKY-TALKY-BABY-WALKER-GREEN-WAVE.jpg","contentUrl":"https:\/\/chicco.life\/sv\/wp-content\/uploads\/2021\/08\/WALKY-TALKY-BABY-WALKER-GREEN-WAVE.jpg","width":600,"height":600},{"@type":"BreadcrumbList","@id":"https:\/\/chicco.life\/sv\/product\/walky-talky-baby-walker-green-wave\/#breadcrumb","itemListElement":[{"@type":"ListItem","position":1,"name":"Portada","item":"https:\/\/chicco.life\/sv\/"},{"@type":"ListItem","position":2,"name":"ANDADERA WALKY TALKY VERDE"}]},{"@type":"WebSite","@id":"https:\/\/chicco.life\/sv\/#website","url":"https:\/\/chicco.life\/sv\/","name":"Chicco","description":"Crecemos Juntos","publisher":{"@id":"https:\/\/chicco.life\/sv\/#organization"},"potentialAction":[{"@type":"SearchAction","target":{"@type":"EntryPoint","urlTemplate":"https:\/\/chicco.life\/sv\/?s={search_term_string}"},"query-input":{"@type":"PropertyValueSpecification","valueRequired":true,"valueName":"search_term_string"}}],"inLanguage":"es"},{"@type":"Organization","@id":"https:\/\/chicco.life\/sv\/#organization","name":"Chicco","url":"https:\/\/chicco.life\/sv\/","logo":{"@type":"ImageObject","inLanguage":"es","@id":"https:\/\/chicco.life\/sv\/#\/schema\/logo\/image\/","url":"https:\/\/chicco.life\/sv\/wp-content\/uploads\/2021\/10\/main_logo-1.png","contentUrl":"https:\/\/chicco.life\/sv\/wp-content\/uploads\/2021\/10\/main_logo-1.png","width":400,"height":220,"caption":"Chicco"},"image":{"@id":"https:\/\/chicco.life\/sv\/#\/schema\/logo\/image\/"}}]}},"_links":{"self":[{"href":"https:\/\/chicco.life\/sv\/wp-json\/wp\/v2\/product\/27293","targetHints":{"allow":["GET"]}}],"collection":[{"href":"https:\/\/chicco.life\/sv\/wp-json\/wp\/v2\/product"}],"about":[{"href":"https:\/\/chicco.life\/sv\/wp-json\/wp\/v2\/types\/product"}],"replies":[{"embeddable":true,"href":"https:\/\/chicco.life\/sv\/wp-json\/wp\/v2\/comments?post=27293"}],"wp:featuredmedia":[{"embeddable":true,"href":"https:\/\/chicco.life\/sv\/wp-json\/wp\/v2\/media\/27294"}],"wp:attachment":[{"href":"https:\/\/chicco.life\/sv\/wp-json\/wp\/v2\/media?parent=27293"}],"wp:term":[{"taxonomy":"product_brand","embeddable":true,"href":"https:\/\/chicco.life\/sv\/wp-json\/wp\/v2\/product_brand?post=27293"},{"taxonomy":"product_cat","embeddable":true,"href":"https:\/\/chicco.life\/sv\/wp-json\/wp\/v2\/product_cat?post=27293"},{"taxonomy":"product_tag","embeddable":true,"href":"https:\/\/chicco.life\/sv\/wp-json\/wp\/v2\/product_tag?post=27293"}],"curies":[{"name":"wp","href":"https:\/\/api.w.org\/{rel}","templated":true}]}}