{"id":27316,"date":"2021-08-19T05:27:38","date_gmt":"2021-08-19T05:27:38","guid":{"rendered":"https:\/\/chicco.life\/sv\/?post_type=product&#038;p=27316"},"modified":"2025-08-08T09:27:21","modified_gmt":"2025-08-08T15:27:21","slug":"london-up-stroller-w-b-bar-matrix","status":"publish","type":"product","link":"https:\/\/chicco.life\/sv\/product\/london-up-stroller-w-b-bar-matrix\/","title":{"rendered":"COCHE LIVIANO LONDON MATRIX 6M+"},"content":{"rendered":"","protected":false},"excerpt":{"rendered":"<p>Chicco London es una silla de paseo extremadamente vers\u00e1til que combina h\u00e1bilmente la comodidad y la protecci\u00f3n para los beb\u00e9s, con las necesidades de los padres de hoy de soluciones pr\u00e1cticas y funcionales. Un cochecito ligero apto desde el nacimiento. Cuenta con un respaldo reclinable de 4 posiciones ajustable con una sola mano. Las ruedas giratorias delanteras bloqueables y la suspensi\u00f3n integral facilitan las maniobras.<\/p>\n<p>Apto desde el nacimiento; Respaldo de 4 posiciones; Arn\u00e9s de seguridad de 5 puntos; Ligero, f\u00e1cil de cerrar y transportar; Ruedas giratorias delanteras bloqueables.<\/p>\n<p>Incluye funda para lluvia.<\/p>\n","protected":false},"featured_media":27317,"comment_status":"open","ping_status":"closed","template":"","meta":{"_acf_changed":false},"product_brand":[],"product_cat":[185],"product_tag":[],"class_list":{"0":"post-27316","1":"product","2":"type-product","3":"status-publish","4":"has-post-thumbnail","6":"product_cat-coches","8":"first","9":"outofstock","10":"shipping-taxable","11":"purchasable","12":"product-type-simple"},"acf":[],"yoast_head":"<!-- This site is optimized with the Yoast SEO plugin v25.8 - https:\/\/yoast.com\/wordpress\/plugins\/seo\/ -->\n<title>COCHE LIVIANO LONDON MATRIX 6M+ - Chicco<\/title>\n<meta name=\"robots\" content=\"index, follow, max-snippet:-1, max-image-preview:large, max-video-preview:-1\" \/>\n<link rel=\"canonical\" href=\"https:\/\/chicco.life\/sv\/product\/london-up-stroller-w-b-bar-matrix\/\" \/>\n<meta property=\"og:locale\" content=\"es_ES\" \/>\n<meta property=\"og:type\" content=\"article\" \/>\n<meta property=\"og:title\" content=\"COCHE LIVIANO LONDON MATRIX 6M+ - Chicco\" \/>\n<meta property=\"og:description\" content=\"Chicco London es una silla de paseo extremadamente vers\u00e1til que combina h\u00e1bilmente la comodidad y la protecci\u00f3n para los beb\u00e9s, con las necesidades de los padres de hoy de soluciones pr\u00e1cticas y funcionales. Un cochecito ligero apto desde el nacimiento. Cuenta con un respaldo reclinable de 4 posiciones ajustable con una sola mano. Las ruedas giratorias delanteras bloqueables y la suspensi\u00f3n integral facilitan las maniobras.  Apto desde el nacimiento; Respaldo de 4 posiciones; Arn\u00e9s de seguridad de 5 puntos; Ligero, f\u00e1cil de cerrar y transportar; Ruedas giratorias delanteras bloqueables.  Incluye funda para lluvia.\" \/>\n<meta property=\"og:url\" content=\"https:\/\/chicco.life\/sv\/product\/london-up-stroller-w-b-bar-matrix\/\" \/>\n<meta property=\"og:site_name\" content=\"Chicco\" \/>\n<meta property=\"article:modified_time\" content=\"2025-08-08T15:27:21+00:00\" \/>\n<meta property=\"og:image\" content=\"https:\/\/chicco.life\/sv\/wp-content\/uploads\/2021\/08\/LONDON-UP-STROLLER-W-B.BAR-MATRIX.jpg\" \/>\n\t<meta property=\"og:image:width\" content=\"600\" \/>\n\t<meta property=\"og:image:height\" content=\"600\" \/>\n\t<meta property=\"og:image:type\" content=\"image\/jpeg\" \/>\n<meta name=\"twitter:card\" content=\"summary_large_image\" \/>\n<script type=\"application\/ld+json\" class=\"yoast-schema-graph\">{\"@context\":\"https:\/\/schema.org\",\"@graph\":[{\"@type\":\"WebPage\",\"@id\":\"https:\/\/chicco.life\/sv\/product\/london-up-stroller-w-b-bar-matrix\/\",\"url\":\"https:\/\/chicco.life\/sv\/product\/london-up-stroller-w-b-bar-matrix\/\",\"name\":\"COCHE LIVIANO LONDON MATRIX 6M+ - Chicco\",\"isPartOf\":{\"@id\":\"https:\/\/chicco.life\/sv\/#website\"},\"primaryImageOfPage\":{\"@id\":\"https:\/\/chicco.life\/sv\/product\/london-up-stroller-w-b-bar-matrix\/#primaryimage\"},\"image\":{\"@id\":\"https:\/\/chicco.life\/sv\/product\/london-up-stroller-w-b-bar-matrix\/#primaryimage\"},\"thumbnailUrl\":\"https:\/\/chicco.life\/sv\/wp-content\/uploads\/2021\/08\/LONDON-UP-STROLLER-W-B.BAR-MATRIX.jpg\",\"datePublished\":\"2021-08-19T05:27:38+00:00\",\"dateModified\":\"2025-08-08T15:27:21+00:00\",\"breadcrumb\":{\"@id\":\"https:\/\/chicco.life\/sv\/product\/london-up-stroller-w-b-bar-matrix\/#breadcrumb\"},\"inLanguage\":\"es\",\"potentialAction\":[{\"@type\":\"ReadAction\",\"target\":[\"https:\/\/chicco.life\/sv\/product\/london-up-stroller-w-b-bar-matrix\/\"]}]},{\"@type\":\"ImageObject\",\"inLanguage\":\"es\",\"@id\":\"https:\/\/chicco.life\/sv\/product\/london-up-stroller-w-b-bar-matrix\/#primaryimage\",\"url\":\"https:\/\/chicco.life\/sv\/wp-content\/uploads\/2021\/08\/LONDON-UP-STROLLER-W-B.BAR-MATRIX.jpg\",\"contentUrl\":\"https:\/\/chicco.life\/sv\/wp-content\/uploads\/2021\/08\/LONDON-UP-STROLLER-W-B.BAR-MATRIX.jpg\",\"width\":600,\"height\":600},{\"@type\":\"BreadcrumbList\",\"@id\":\"https:\/\/chicco.life\/sv\/product\/london-up-stroller-w-b-bar-matrix\/#breadcrumb\",\"itemListElement\":[{\"@type\":\"ListItem\",\"position\":1,\"name\":\"Portada\",\"item\":\"https:\/\/chicco.life\/sv\/\"},{\"@type\":\"ListItem\",\"position\":2,\"name\":\"COCHE LIVIANO LONDON MATRIX 6M+\"}]},{\"@type\":\"WebSite\",\"@id\":\"https:\/\/chicco.life\/sv\/#website\",\"url\":\"https:\/\/chicco.life\/sv\/\",\"name\":\"Chicco\",\"description\":\"Crecemos Juntos\",\"publisher\":{\"@id\":\"https:\/\/chicco.life\/sv\/#organization\"},\"potentialAction\":[{\"@type\":\"SearchAction\",\"target\":{\"@type\":\"EntryPoint\",\"urlTemplate\":\"https:\/\/chicco.life\/sv\/?s={search_term_string}\"},\"query-input\":{\"@type\":\"PropertyValueSpecification\",\"valueRequired\":true,\"valueName\":\"search_term_string\"}}],\"inLanguage\":\"es\"},{\"@type\":\"Organization\",\"@id\":\"https:\/\/chicco.life\/sv\/#organization\",\"name\":\"Chicco\",\"url\":\"https:\/\/chicco.life\/sv\/\",\"logo\":{\"@type\":\"ImageObject\",\"inLanguage\":\"es\",\"@id\":\"https:\/\/chicco.life\/sv\/#\/schema\/logo\/image\/\",\"url\":\"https:\/\/chicco.life\/sv\/wp-content\/uploads\/2021\/10\/main_logo-1.png\",\"contentUrl\":\"https:\/\/chicco.life\/sv\/wp-content\/uploads\/2021\/10\/main_logo-1.png\",\"width\":400,\"height\":220,\"caption\":\"Chicco\"},\"image\":{\"@id\":\"https:\/\/chicco.life\/sv\/#\/schema\/logo\/image\/\"}}]}<\/script>\n<!-- \/ Yoast SEO plugin. -->","yoast_head_json":{"title":"COCHE LIVIANO LONDON MATRIX 6M+ - Chicco","robots":{"index":"index","follow":"follow","max-snippet":"max-snippet:-1","max-image-preview":"max-image-preview:large","max-video-preview":"max-video-preview:-1"},"canonical":"https:\/\/chicco.life\/sv\/product\/london-up-stroller-w-b-bar-matrix\/","og_locale":"es_ES","og_type":"article","og_title":"COCHE LIVIANO LONDON MATRIX 6M+ - Chicco","og_description":"Chicco London es una silla de paseo extremadamente vers\u00e1til que combina h\u00e1bilmente la comodidad y la protecci\u00f3n para los beb\u00e9s, con las necesidades de los padres de hoy de soluciones pr\u00e1cticas y funcionales. Un cochecito ligero apto desde el nacimiento. Cuenta con un respaldo reclinable de 4 posiciones ajustable con una sola mano. Las ruedas giratorias delanteras bloqueables y la suspensi\u00f3n integral facilitan las maniobras.  Apto desde el nacimiento; Respaldo de 4 posiciones; Arn\u00e9s de seguridad de 5 puntos; Ligero, f\u00e1cil de cerrar y transportar; Ruedas giratorias delanteras bloqueables.  Incluye funda para lluvia.","og_url":"https:\/\/chicco.life\/sv\/product\/london-up-stroller-w-b-bar-matrix\/","og_site_name":"Chicco","article_modified_time":"2025-08-08T15:27:21+00:00","og_image":[{"width":600,"height":600,"url":"https:\/\/chicco.life\/sv\/wp-content\/uploads\/2021\/08\/LONDON-UP-STROLLER-W-B.BAR-MATRIX.jpg","type":"image\/jpeg"}],"twitter_card":"summary_large_image","schema":{"@context":"https:\/\/schema.org","@graph":[{"@type":"WebPage","@id":"https:\/\/chicco.life\/sv\/product\/london-up-stroller-w-b-bar-matrix\/","url":"https:\/\/chicco.life\/sv\/product\/london-up-stroller-w-b-bar-matrix\/","name":"COCHE LIVIANO LONDON MATRIX 6M+ - Chicco","isPartOf":{"@id":"https:\/\/chicco.life\/sv\/#website"},"primaryImageOfPage":{"@id":"https:\/\/chicco.life\/sv\/product\/london-up-stroller-w-b-bar-matrix\/#primaryimage"},"image":{"@id":"https:\/\/chicco.life\/sv\/product\/london-up-stroller-w-b-bar-matrix\/#primaryimage"},"thumbnailUrl":"https:\/\/chicco.life\/sv\/wp-content\/uploads\/2021\/08\/LONDON-UP-STROLLER-W-B.BAR-MATRIX.jpg","datePublished":"2021-08-19T05:27:38+00:00","dateModified":"2025-08-08T15:27:21+00:00","breadcrumb":{"@id":"https:\/\/chicco.life\/sv\/product\/london-up-stroller-w-b-bar-matrix\/#breadcrumb"},"inLanguage":"es","potentialAction":[{"@type":"ReadAction","target":["https:\/\/chicco.life\/sv\/product\/london-up-stroller-w-b-bar-matrix\/"]}]},{"@type":"ImageObject","inLanguage":"es","@id":"https:\/\/chicco.life\/sv\/product\/london-up-stroller-w-b-bar-matrix\/#primaryimage","url":"https:\/\/chicco.life\/sv\/wp-content\/uploads\/2021\/08\/LONDON-UP-STROLLER-W-B.BAR-MATRIX.jpg","contentUrl":"https:\/\/chicco.life\/sv\/wp-content\/uploads\/2021\/08\/LONDON-UP-STROLLER-W-B.BAR-MATRIX.jpg","width":600,"height":600},{"@type":"BreadcrumbList","@id":"https:\/\/chicco.life\/sv\/product\/london-up-stroller-w-b-bar-matrix\/#breadcrumb","itemListElement":[{"@type":"ListItem","position":1,"name":"Portada","item":"https:\/\/chicco.life\/sv\/"},{"@type":"ListItem","position":2,"name":"COCHE LIVIANO LONDON MATRIX 6M+"}]},{"@type":"WebSite","@id":"https:\/\/chicco.life\/sv\/#website","url":"https:\/\/chicco.life\/sv\/","name":"Chicco","description":"Crecemos Juntos","publisher":{"@id":"https:\/\/chicco.life\/sv\/#organization"},"potentialAction":[{"@type":"SearchAction","target":{"@type":"EntryPoint","urlTemplate":"https:\/\/chicco.life\/sv\/?s={search_term_string}"},"query-input":{"@type":"PropertyValueSpecification","valueRequired":true,"valueName":"search_term_string"}}],"inLanguage":"es"},{"@type":"Organization","@id":"https:\/\/chicco.life\/sv\/#organization","name":"Chicco","url":"https:\/\/chicco.life\/sv\/","logo":{"@type":"ImageObject","inLanguage":"es","@id":"https:\/\/chicco.life\/sv\/#\/schema\/logo\/image\/","url":"https:\/\/chicco.life\/sv\/wp-content\/uploads\/2021\/10\/main_logo-1.png","contentUrl":"https:\/\/chicco.life\/sv\/wp-content\/uploads\/2021\/10\/main_logo-1.png","width":400,"height":220,"caption":"Chicco"},"image":{"@id":"https:\/\/chicco.life\/sv\/#\/schema\/logo\/image\/"}}]}},"_links":{"self":[{"href":"https:\/\/chicco.life\/sv\/wp-json\/wp\/v2\/product\/27316","targetHints":{"allow":["GET"]}}],"collection":[{"href":"https:\/\/chicco.life\/sv\/wp-json\/wp\/v2\/product"}],"about":[{"href":"https:\/\/chicco.life\/sv\/wp-json\/wp\/v2\/types\/product"}],"replies":[{"embeddable":true,"href":"https:\/\/chicco.life\/sv\/wp-json\/wp\/v2\/comments?post=27316"}],"wp:featuredmedia":[{"embeddable":true,"href":"https:\/\/chicco.life\/sv\/wp-json\/wp\/v2\/media\/27317"}],"wp:attachment":[{"href":"https:\/\/chicco.life\/sv\/wp-json\/wp\/v2\/media?parent=27316"}],"wp:term":[{"taxonomy":"product_brand","embeddable":true,"href":"https:\/\/chicco.life\/sv\/wp-json\/wp\/v2\/product_brand?post=27316"},{"taxonomy":"product_cat","embeddable":true,"href":"https:\/\/chicco.life\/sv\/wp-json\/wp\/v2\/product_cat?post=27316"},{"taxonomy":"product_tag","embeddable":true,"href":"https:\/\/chicco.life\/sv\/wp-json\/wp\/v2\/product_tag?post=27316"}],"curies":[{"name":"wp","href":"https:\/\/api.w.org\/{rel}","templated":true}]}}